{"id":759,"date":"2022-07-24T18:49:51","date_gmt":"2022-07-24T18:49:51","guid":{"rendered":"https:\/\/www.solvetax-germany.com\/?page_id=759"},"modified":"2022-12-27T15:35:21","modified_gmt":"2022-12-27T13:35:21","slug":"ihr-berater","status":"publish","type":"page","link":"http:\/\/www.solvetax-germany.com\/de\/15c42-web-agency-gb-home\/ihr-berater\/","title":{"rendered":"Ihr Berater"},"content":{"rendered":"\n<div class=\"wp-block-cover alignfull is-light\" style=\"min-height:383px;aspect-ratio:unset;\"><span aria-hidden=\"true\" class=\"wp-block-cover__background has-background-dim-0 has-background-dim\"><\/span><img fetchpriority=\"high\" decoding=\"async\" width=\"1920\" height=\"1272\" class=\"wp-block-cover__image-background wp-image-1462\" alt=\"\" src=\"https:\/\/www.solvetax-germany.com\/wp-content\/uploads\/2022\/12\/mountain-g42c677e3a_1920.jpg\" data-object-fit=\"cover\" srcset=\"https:\/\/www.solvetax-germany.com\/wp-content\/uploads\/2022\/12\/mountain-g42c677e3a_1920.jpg 1920w, https:\/\/www.solvetax-germany.com\/wp-content\/uploads\/2022\/12\/mountain-g42c677e3a_1920-300x199.jpg 300w, https:\/\/www.solvetax-germany.com\/wp-content\/uploads\/2022\/12\/mountain-g42c677e3a_1920-1024x678.jpg 1024w, https:\/\/www.solvetax-germany.com\/wp-content\/uploads\/2022\/12\/mountain-g42c677e3a_1920-768x509.jpg 768w, https:\/\/www.solvetax-germany.com\/wp-content\/uploads\/2022\/12\/mountain-g42c677e3a_1920-1536x1018.jpg 1536w, https:\/\/www.solvetax-germany.com\/wp-content\/uploads\/2022\/12\/mountain-g42c677e3a_1920-18x12.jpg 18w\" sizes=\"(max-width: 1920px) 100vw, 1920px\" \/><div class=\"wp-block-cover__inner-container is-layout-flow wp-block-cover-is-layout-flow\">\n<div style=\"height:20px\" aria-hidden=\"true\" class=\"wp-block-spacer\"><\/div>\n\n\n\n<h1 class=\"has-text-align-center has-text-color wp-block-heading\" style=\"color:#121212;font-size:23px\"><\/h1>\n\n\n\n<p class=\"has-text-align-center has-text-color\" style=\"color:#121212;font-size:17px\"><\/p>\n\n\n\n<div class=\"wp-block-buttons is-horizontal is-content-justification-center is-layout-flex wp-container-core-buttons-is-layout-499968f5 wp-block-buttons-is-layout-flex\"><\/div>\n\n\n\n<div style=\"height:49px\" aria-hidden=\"true\" class=\"wp-block-spacer\"><\/div>\n<\/div><\/div>\n\n\n\n<div style=\"height:46px\" aria-hidden=\"true\" class=\"wp-block-spacer\"><\/div>\n\n\n\n<h2 class=\"wp-block-heading\">Ihr pers\u00f6nlicher Beratungsexperte<\/h2>\n\n\n\n<div style=\"height:0px\" aria-hidden=\"true\" class=\"wp-block-spacer\"><\/div>\n\n\n\n<div class=\"wp-block-cover alignfull\" style=\"min-height:600px;aspect-ratio:unset;\"><span aria-hidden=\"true\" class=\"wp-block-cover__background has-nv-light-bg-background-color has-background-dim-100 has-background-dim\"><\/span><div class=\"wp-block-cover__inner-container is-layout-flow wp-block-cover-is-layout-flow\">\n<div class=\"wp-block-group\"><div class=\"wp-block-group__inner-container is-layout-flow wp-block-group-is-layout-flow\">\n<div style=\"height:15px\" aria-hidden=\"true\" class=\"wp-block-spacer\"><\/div>\n\n\n\n<h3 class=\"has-black-color has-text-color wp-block-heading\">Sascha Schneider<\/h3>\n\n\n\n<div class=\"wp-block-columns is-layout-flex wp-container-core-columns-is-layout-9d6595d7 wp-block-columns-is-layout-flex\">\n<div class=\"wp-block-column is-layout-flow wp-block-column-is-layout-flow\" style=\"flex-basis:33.33%\">\n<figure class=\"wp-block-image size-large is-resized\"><img decoding=\"async\" src=\"https:\/\/www.solvetax-germany.com\/wp-content\/uploads\/2022\/07\/Fotos-von-mir-838x1024.jpg\" alt=\"\" class=\"wp-image-416\" width=\"371\" height=\"453\" srcset=\"https:\/\/www.solvetax-germany.com\/wp-content\/uploads\/2022\/07\/Fotos-von-mir-838x1024.jpg 838w, https:\/\/www.solvetax-germany.com\/wp-content\/uploads\/2022\/07\/Fotos-von-mir-245x300.jpg 245w, https:\/\/www.solvetax-germany.com\/wp-content\/uploads\/2022\/07\/Fotos-von-mir-768x939.jpg 768w, https:\/\/www.solvetax-germany.com\/wp-content\/uploads\/2022\/07\/Fotos-von-mir-1257x1536.jpg 1257w, https:\/\/www.solvetax-germany.com\/wp-content\/uploads\/2022\/07\/Fotos-von-mir-1675x2048.jpg 1675w\" sizes=\"(max-width: 371px) 100vw, 371px\" \/><\/figure>\n\n\n\n<p class=\"has-nv-dark-bg-color has-text-color\">Steuerberater und Investor<\/p>\n\n\n\n<ul class=\"wp-block-social-links is-layout-flex wp-block-social-links-is-layout-flex\"><li class=\"wp-social-link wp-social-link-linkedin  wp-block-social-link\"><a href=\"https:\/\/www.linkedin.com\/in\/sascha-schneider-baa92650\/\" class=\"wp-block-social-link-anchor\" target=\"_blank\" rel=\"noopener\"><svg width=\"24\" height=\"24\" viewBox=\"0 0 24 24\" version=\"1.1\" xmlns=\"http:\/\/www.w3.org\/2000\/svg\" aria-hidden=\"true\" focusable=\"false\"><path d=\"M19.7,3H4.3C3.582,3,3,3.582,3,4.3v15.4C3,20.418,3.582,21,4.3,21h15.4c0.718,0,1.3-0.582,1.3-1.3V4.3 C21,3.582,20.418,3,19.7,3z M8.339,18.338H5.667v-8.59h2.672V18.338z M7.004,8.574c-0.857,0-1.549-0.694-1.549-1.548 c0-0.855,0.691-1.548,1.549-1.548c0.854,0,1.547,0.694,1.547,1.548C8.551,7.881,7.858,8.574,7.004,8.574z M18.339,18.338h-2.669 v-4.177c0-0.996-0.017-2.278-1.387-2.278c-1.389,0-1.601,1.086-1.601,2.206v4.249h-2.667v-8.59h2.559v1.174h0.037 c0.356-0.675,1.227-1.387,2.526-1.387c2.703,0,3.203,1.779,3.203,4.092V18.338z\"><\/path><\/svg><span class=\"wp-block-social-link-label screen-reader-text\">LinkedIn<\/span><\/a><\/li><\/ul>\n\n\n<div class=\"wp-block-image\">\n<figure class=\"aligncenter size-large is-resized\"><img decoding=\"async\" src=\"https:\/\/www.solvetax-germany.com\/wp-content\/uploads\/2022\/08\/Visitenkarte-1024x1024.png\" alt=\"\" class=\"wp-image-1136\" width=\"101\" height=\"101\" srcset=\"https:\/\/www.solvetax-germany.com\/wp-content\/uploads\/2022\/08\/Visitenkarte.png 1024w, https:\/\/www.solvetax-germany.com\/wp-content\/uploads\/2022\/08\/Visitenkarte-300x300.png 300w, https:\/\/www.solvetax-germany.com\/wp-content\/uploads\/2022\/08\/Visitenkarte-150x150.png 150w, https:\/\/www.solvetax-germany.com\/wp-content\/uploads\/2022\/08\/Visitenkarte-768x768.png 768w, https:\/\/www.solvetax-germany.com\/wp-content\/uploads\/2022\/08\/Visitenkarte-12x12.png 12w\" sizes=\"(max-width: 101px) 100vw, 101px\" \/><\/figure>\n<\/div><\/div>\n\n\n\n<div class=\"wp-block-column is-layout-flow wp-block-column-is-layout-flow\" style=\"flex-basis:66.66%\">\n<p class=\"has-black-color has-text-color\" align=\"justify\">Sascha Schneider fokussiert sich auf die Beratung von KMU im Unternehmenssteuerrecht. Sein Beratungsschwerpunkt liegt in den besonderen Fragestellungen, welche sich im grenz\u00fcberschreitenden Verh\u00e4ltnis ergeben. Im Weiteren betreut Sascha Schneider Privatkunden und Investoren, welche aufgrund komplexer Verm\u00f6gensverh\u00e4ltnisse einen besonderen Beratungsbedarf in Steuerangelegenheiten aufweisen. Schlie\u00dflich ist Herr Schneider als Berater in Verm\u00f6gensplanungen t\u00e4tig.<\/p>\n\n\n<div ><style>#sp-ea-761 .spcollapsing { height: 0; overflow: hidden; transition-property: height;transition-duration: 300ms;}#sp-ea-761.sp-easy-accordion>.sp-ea-single {margin-bottom: 10px; border: 1px solid #e2e2e2; }#sp-ea-761.sp-easy-accordion>.sp-ea-single>.ea-header a {color: #444;}#sp-ea-761.sp-easy-accordion>.sp-ea-single>.sp-collapse>.ea-body {background: #fff; color: #444;}#sp-ea-761.sp-easy-accordion>.sp-ea-single {background: #eee;}#sp-ea-761.sp-easy-accordion>.sp-ea-single>.ea-header a .ea-expand-icon { float: left; color: #444;font-size: 16px;}<\/style><div id=\"sp_easy_accordion-1716551291\"><div id=\"sp-ea-761\" class=\"sp-ea-one sp-easy-accordion\" data-ea-active=\"ea-click\" data-ea-mode=\"vertical\" data-preloader=\"\" data-scroll-active-item=\"\" data-offset-to-scroll=\"0\"><div class=\"ea-card sp-ea-single\"><h3 class=\"ea-header\"><a class=\"collapsed\" id=\"ea-header-7610\" role=\"button\" data-sptoggle=\"spcollapse\" data-sptarget=\"#collapse7610\" aria-controls=\"collapse7610\" href=\"#\" aria-expanded=\"false\" tabindex=\"0\"><i aria-hidden=\"true\" role=\"presentation\" class=\"ea-expand-icon eap-icon-ea-expand-plus\"><\/i> Beruflicher Werdegang<\/a><\/h3><div class=\"sp-collapse spcollapse spcollapse\" id=\"collapse7610\" data-parent=\"#sp-ea-761\" role=\"region\" aria-labelledby=\"ea-header-7610\"> <div class=\"ea-body\"><p>2024 \u00a0\u00a0\u00a0\u00a0\u00a0\u00a0\u00a0\u00a0\u00a0\u00a0\u00a0\u00a0\u00a0\u00a0\u00a0\u00a0\u00a0\u00a0\u00a0\u00a0\u00a0\u00a0 Fachberater f\u00fcr internationales Steuerrecht<br \/>2022\u00a0\u00a0\u00a0\u00a0\u00a0\u00a0\u00a0\u00a0\u00a0\u00a0\u00a0\u00a0\u00a0\u00a0\u00a0\u00a0\u00a0\u00a0\u00a0\u00a0\u00a0\u00a0\u00a0 Inhaber der SolveTax Steuerberatung<br \/>2020-2022\u00a0\u00a0\u00a0\u00a0\u00a0\u00a0\u00a0\u00a0\u00a0\u00a0\u00a0 \u00a0\u00a0 Partner bei TaxSolut &#8211; Langhans &amp; Schneider PartG mbB, Mainz<br \/>2017-2020\u00a0\u00a0\u00a0\u00a0\u00a0\u00a0\u00a0\u00a0\u00a0\u00a0\u00a0 \u00a0\u00a0 Steuerberater in Bonn<br \/>2017\u00a0\u00a0\u00a0\u00a0\u00a0\u00a0\u00a0\u00a0\u00a0\u00a0\u00a0\u00a0\u00a0\u00a0\u00a0\u00a0\u00a0\u00a0\u00a0\u00a0\u00a0\u00a0\u00a0\u00a0 Ernennung zum Steuerberater<br \/>2014\u00a0\u00a0\u00a0\u00a0\u00a0\u00a0\u00a0\u00a0\u00a0\u00a0\u00a0\u00a0\u00a0\u00a0\u00a0\u00a0\u00a0\u00a0\u00a0\u00a0\u00a0\u00a0\u00a0\u00a0 Rating-Advisor (EURO-FH), Europ\u00e4ische Fernhochschule Hamburg<br \/>2013\u00a0\u00a0\u00a0\u00a0\u00a0\u00a0\u00a0\u00a0\u00a0\u00a0\u00a0\u00a0\u00a0\u00a0\u00a0\u00a0\u00a0\u00a0\u00a0\u00a0\u00a0\u00a0\u00a0\u00a0 Diplom-Betriebswirt (FH), Hochschule Worms<\/p><\/div><\/div><\/div><div class=\"ea-card sp-ea-single\"><h3 class=\"ea-header\"><a class=\"collapsed\" id=\"ea-header-7611\" role=\"button\" data-sptoggle=\"spcollapse\" data-sptarget=\"#collapse7611\" aria-controls=\"collapse7611\" href=\"#\" aria-expanded=\"false\" tabindex=\"0\"><i aria-hidden=\"true\" role=\"presentation\" class=\"ea-expand-icon eap-icon-ea-expand-plus\"><\/i> Nebent\u00e4tigkeiten<\/a><\/h3><div class=\"sp-collapse spcollapse spcollapse\" id=\"collapse7611\" data-parent=\"#sp-ea-761\" role=\"region\" aria-labelledby=\"ea-header-7611\"> <div class=\"ea-body\"><ul><li>Vortragst\u00e4tigkeit zum Thema finanzielle Bildung an Schulen (Im Rahmen der Wirtschaftsjunioren Rheinhessen)<\/li><li>Experte des BMWi-Expertenforums<\/li><li>Steuerliche Erstberatung f\u00fcr Studenten und Absolventen beim Bundesverband der Volks- und Betriebswirte e. V.<\/li><\/ul><\/div><\/div><\/div><div class=\"ea-card sp-ea-single\"><h3 class=\"ea-header\"><a class=\"collapsed\" id=\"ea-header-7612\" role=\"button\" data-sptoggle=\"spcollapse\" data-sptarget=\"#collapse7612\" aria-controls=\"collapse7612\" href=\"#\" aria-expanded=\"false\" tabindex=\"0\"><i aria-hidden=\"true\" role=\"presentation\" class=\"ea-expand-icon eap-icon-ea-expand-plus\"><\/i> Publikationen<\/a><\/h3><div class=\"sp-collapse spcollapse spcollapse\" id=\"collapse7612\" data-parent=\"#sp-ea-761\" role=\"region\" aria-labelledby=\"ea-header-7612\"> <div class=\"ea-body\"><ul><li><span id=\"productTitle\" class=\"a-size-extra-large\">Familieninterne Unternehmensnachfolge: \u00dcbertragung einer GmbH auf die n\u00e4chste Generation<\/span><\/li><\/ul><\/div><\/div><\/div><div class=\"ea-card sp-ea-single\"><h3 class=\"ea-header\"><a class=\"collapsed\" id=\"ea-header-7613\" role=\"button\" data-sptoggle=\"spcollapse\" data-sptarget=\"#collapse7613\" aria-controls=\"collapse7613\" href=\"#\" aria-expanded=\"false\" tabindex=\"0\"><i aria-hidden=\"true\" role=\"presentation\" class=\"ea-expand-icon eap-icon-ea-expand-plus\"><\/i> Sprachen<\/a><\/h3><div class=\"sp-collapse spcollapse spcollapse\" id=\"collapse7613\" data-parent=\"#sp-ea-761\" role=\"region\" aria-labelledby=\"ea-header-7613\"> <div class=\"ea-body\"><ul><li>Deutsch<\/li><li>Englisch<\/li><\/ul><\/div><\/div><\/div><div class=\"ea-card sp-ea-single\"><h3 class=\"ea-header\"><a class=\"collapsed\" id=\"ea-header-7614\" role=\"button\" data-sptoggle=\"spcollapse\" data-sptarget=\"#collapse7614\" aria-controls=\"collapse7614\" href=\"#\" aria-expanded=\"false\" tabindex=\"0\"><i aria-hidden=\"true\" role=\"presentation\" class=\"ea-expand-icon eap-icon-ea-expand-plus\"><\/i> Kontakt<\/a><\/h3><div class=\"sp-collapse spcollapse spcollapse\" id=\"collapse7614\" data-parent=\"#sp-ea-761\" role=\"region\" aria-labelledby=\"ea-header-7614\"> <div class=\"ea-body\"><p>Sascha Schneider<\/p><p>+49 151 28960404<br \/><a href=\"mailto:s.schneider@solvetax.de\">s.schneider@solvetax.de<\/a><\/p><p>\u00a0<\/p><\/div><\/div><\/div><\/div><\/div><\/div>\n\n\n<p class=\"has-black-color has-text-color\"><\/p>\n<\/div>\n<\/div>\n\n\n\n<div style=\"height:15px\" aria-hidden=\"true\" class=\"wp-block-spacer\"><\/div>\n<\/div><\/div>\n<\/div><\/div>\n\n\n\n<div class=\"wp-block-cover alignfull\" style=\"min-height:382px;aspect-ratio:unset;\"><span aria-hidden=\"true\" class=\"wp-block-cover__background has-nv-dark-bg-background-color has-background-dim-100 has-background-dim\"><\/span><div class=\"wp-block-cover__inner-container is-layout-flow wp-block-cover-is-layout-flow\">\n<div class=\"wp-block-group\"><div class=\"wp-block-group__inner-container is-layout-flow wp-block-group-is-layout-flow\">\n<div style=\"height:15px\" aria-hidden=\"true\" class=\"wp-block-spacer\"><\/div>\n\n\n\n<div style=\"height:15px\" aria-hidden=\"true\" class=\"wp-block-spacer\"><\/div>\n<\/div><\/div>\n\n\n\n<h2 class=\"has-text-align-center wp-block-heading\">Wir freuen uns auf Ihre Anfrage<\/h2>\n\n\n\n<p class=\"has-text-align-center\">Vereinbaren Sie einen Termin zum Erstgespr\u00e4ch<\/p>\n\n\n\n<div class=\"wp-block-buttons is-content-justification-center is-layout-flex wp-container-core-buttons-is-layout-16018d1d wp-block-buttons-is-layout-flex\">\n<div class=\"wp-block-button is-style-primary\"><a class=\"wp-block-button__link wp-element-button\" href=\"https:\/\/www.solvetax-germany.com\/?page_id=354\">Termin vereinbaren<\/a><\/div>\n<\/div>\n<\/div><\/div>\n","protected":false},"excerpt":{"rendered":"<p>Ihr pers\u00f6nlicher Beratungsexperte<\/p>\n","protected":false},"author":1,"featured_media":0,"parent":307,"menu_order":1,"comment_status":"closed","ping_status":"closed","template":"","meta":{"neve_meta_sidebar":"default","neve_meta_container":"default","neve_meta_enable_content_width":"on","neve_meta_content_width":100,"neve_meta_title_alignment":"","neve_meta_author_avatar":"","neve_post_elements_order":"","neve_meta_disable_header":"","neve_meta_disable_footer":"","neve_meta_disable_title":"on","footnotes":""},"class_list":["post-759","page","type-page","status-publish","hentry"],"_links":{"self":[{"href":"http:\/\/www.solvetax-germany.com\/de\/wp-json\/wp\/v2\/pages\/759","targetHints":{"allow":["GET"]}}],"collection":[{"href":"http:\/\/www.solvetax-germany.com\/de\/wp-json\/wp\/v2\/pages"}],"about":[{"href":"http:\/\/www.solvetax-germany.com\/de\/wp-json\/wp\/v2\/types\/page"}],"author":[{"embeddable":true,"href":"http:\/\/www.solvetax-germany.com\/de\/wp-json\/wp\/v2\/users\/1"}],"replies":[{"embeddable":true,"href":"http:\/\/www.solvetax-germany.com\/de\/wp-json\/wp\/v2\/comments?post=759"}],"version-history":[{"count":12,"href":"http:\/\/www.solvetax-germany.com\/de\/wp-json\/wp\/v2\/pages\/759\/revisions"}],"predecessor-version":[{"id":1468,"href":"http:\/\/www.solvetax-germany.com\/de\/wp-json\/wp\/v2\/pages\/759\/revisions\/1468"}],"up":[{"embeddable":true,"href":"http:\/\/www.solvetax-germany.com\/de\/wp-json\/wp\/v2\/pages\/307"}],"wp:attachment":[{"href":"http:\/\/www.solvetax-germany.com\/de\/wp-json\/wp\/v2\/media?parent=759"}],"curies":[{"name":"wp","href":"https:\/\/api.w.org\/{rel}","templated":true}]}}