{"id":801,"date":"2022-07-28T19:38:41","date_gmt":"2022-07-28T19:38:41","guid":{"rendered":"https:\/\/www.solvetax-germany.com\/?page_id=801"},"modified":"2022-12-27T22:21:57","modified_gmt":"2022-12-27T20:21:57","slug":"vermoegens-und-finanzplanung","status":"publish","type":"page","link":"http:\/\/www.solvetax-germany.com\/de\/leistungen-2\/vermoegens-und-finanzplanung\/","title":{"rendered":"Verm\u00f6gens- und Finanzplanung"},"content":{"rendered":"\n<div class=\"wp-block-cover alignfull is-light\" style=\"min-height:389px;aspect-ratio:unset;\"><span aria-hidden=\"true\" class=\"wp-block-cover__background has-background-dim-0 has-background-dim\"><\/span><img fetchpriority=\"high\" decoding=\"async\" width=\"1920\" height=\"960\" class=\"wp-block-cover__image-background wp-image-1540\" alt=\"\" src=\"https:\/\/www.solvetax-germany.com\/wp-content\/uploads\/2022\/12\/Zuerich.jpg\" style=\"object-position:55% 36%\" data-object-fit=\"cover\" data-object-position=\"55% 36%\" srcset=\"https:\/\/www.solvetax-germany.com\/wp-content\/uploads\/2022\/12\/Zuerich.jpg 1920w, https:\/\/www.solvetax-germany.com\/wp-content\/uploads\/2022\/12\/Zuerich-300x150.jpg 300w, https:\/\/www.solvetax-germany.com\/wp-content\/uploads\/2022\/12\/Zuerich-1024x512.jpg 1024w, https:\/\/www.solvetax-germany.com\/wp-content\/uploads\/2022\/12\/Zuerich-768x384.jpg 768w, https:\/\/www.solvetax-germany.com\/wp-content\/uploads\/2022\/12\/Zuerich-1536x768.jpg 1536w, https:\/\/www.solvetax-germany.com\/wp-content\/uploads\/2022\/12\/Zuerich-18x9.jpg 18w\" sizes=\"(max-width: 1920px) 100vw, 1920px\" \/><div class=\"wp-block-cover__inner-container is-layout-flow wp-block-cover-is-layout-flow\">\n<div style=\"height:20px\" aria-hidden=\"true\" class=\"wp-block-spacer\"><\/div>\n\n\n\n<h1 class=\"has-text-align-center has-text-color wp-block-heading\" style=\"color:#121212;font-size:23px\"><\/h1>\n\n\n\n<p class=\"has-text-align-center has-text-color\" style=\"color:#121212;font-size:17px\"><\/p>\n\n\n\n<div class=\"wp-block-buttons is-horizontal is-content-justification-center is-layout-flex wp-container-core-buttons-is-layout-499968f5 wp-block-buttons-is-layout-flex\"><\/div>\n\n\n\n<div style=\"height:49px\" aria-hidden=\"true\" class=\"wp-block-spacer\"><\/div>\n<\/div><\/div>\n\n\n\n<div style=\"height:46px\" aria-hidden=\"true\" class=\"wp-block-spacer\"><\/div>\n\n\n\n<h2 class=\"wp-block-heading\">Ihr Weg zu Verm\u00f6gen und Wohlstand<\/h2>\n\n\n\n<div style=\"height:0px\" aria-hidden=\"true\" class=\"wp-block-spacer\"><\/div>\n\n\n\n<div class=\"wp-block-cover alignfull\" style=\"min-height:2446px;aspect-ratio:unset;\"><span aria-hidden=\"true\" class=\"wp-block-cover__background has-nv-light-bg-background-color has-background-dim-100 has-background-dim\"><\/span><div class=\"wp-block-cover__inner-container is-layout-flow wp-block-cover-is-layout-flow\">\n<div class=\"wp-block-group\"><div class=\"wp-block-group__inner-container is-layout-flow wp-block-group-is-layout-flow\">\n<div style=\"height:15px\" aria-hidden=\"true\" class=\"wp-block-spacer\"><\/div>\n\n\n\n<p class=\"has-nv-dark-bg-color has-text-color\">Der <strong>Steuerberater<\/strong> kennt nicht nur die Verm\u00f6gensverh\u00e4ltnisse seiner Mandanten sehr genau, oft ist er auch \u00fcber Befindlichkeiten der Familie im Bilde und genie\u00dft das Vertrauen des Mandanten und der Familienangeh\u00f6rigen. Der <strong>Steuerberater als Verm\u00f6gensberater<\/strong> ber\u00e4t Sie:<\/p>\n\n\n\n<ul class=\"has-nv-dark-bg-color has-text-color wp-block-list\">\n<li>zum Aufbau der eigenen Altersvorsorge,<\/li>\n\n\n\n<li>zur Absicherung des Familienverm\u00f6gens und des betrieblichen Verm\u00f6gens,<\/li>\n\n\n\n<li>zur Minimierung der Erbschaft- und Schenkungsteuer bei der Verm\u00f6gens\u00fcbertragung,<\/li>\n\n\n\n<li>zu Finanzierungsangeboten und der damit verbundenen steuerlichen Auswirkungen,<\/li>\n\n\n\n<li>zu Investitionen in Immobilien, Unternehmen und Unternehmensbeteiligungen und die daraus resultierenden steuerlichen Konsequenzen.<\/li>\n<\/ul>\n\n\n\n<div class=\"wp-block-columns is-layout-flex wp-container-core-columns-is-layout-9d6595d7 wp-block-columns-is-layout-flex\">\n<div class=\"wp-block-column is-layout-flow wp-block-column-is-layout-flow\">\n<div style=\"height:21px\" aria-hidden=\"true\" class=\"wp-block-spacer\"><\/div>\n\n\n\n<p class=\"has-black-color has-text-color\" align=\"justify\">Als <strong>Steuerberater<\/strong> werden wir kein konkretes Finanzprodukt, keine Verm\u00f6gensanlage und kein Investment empfehlen, weil es zum einen mit dem <strong>Berufsrecht des Steuerberaters<\/strong> nicht vereinbar ist und zum anderen keine unabh\u00e4ngige Beratung m\u00f6glich ist. Sie erhalten bei uns eine faire und unabh\u00e4ngige Verm\u00f6gensberatung, die ihre tats\u00e4chliche Lebenssituation ber\u00fccksichtigt. Die <strong>steueroptimierte Verm\u00f6gensplanung<\/strong> bezieht die Verm\u00f6gens\u00fcbergabe an die n\u00e4chste Generation mit ein. Der wichtigste Faktor, um <strong>Erbschaftsteuer<\/strong> zu vermeiden oder ihr gar aus dem Weg zu gehen, ist die Zeit.<\/p>\n<\/div>\n\n\n\n<div class=\"wp-block-column is-layout-flow wp-block-column-is-layout-flow\">\n<figure class=\"wp-block-image size-large is-resized\"><img decoding=\"async\" src=\"https:\/\/www.solvetax-germany.com\/wp-content\/uploads\/2022\/07\/VErmoegensberatung-1024x683.jpg\" alt=\"\" class=\"wp-image-713\" width=\"495\" height=\"330\" srcset=\"https:\/\/www.solvetax-germany.com\/wp-content\/uploads\/2022\/07\/VErmoegensberatung-1024x683.jpg 1024w, https:\/\/www.solvetax-germany.com\/wp-content\/uploads\/2022\/07\/VErmoegensberatung-300x200.jpg 300w, https:\/\/www.solvetax-germany.com\/wp-content\/uploads\/2022\/07\/VErmoegensberatung-768x512.jpg 768w, https:\/\/www.solvetax-germany.com\/wp-content\/uploads\/2022\/07\/VErmoegensberatung-1536x1024.jpg 1536w, https:\/\/www.solvetax-germany.com\/wp-content\/uploads\/2022\/07\/VErmoegensberatung-2048x1365.jpg 2048w, https:\/\/www.solvetax-germany.com\/wp-content\/uploads\/2022\/07\/VErmoegensberatung-930x620.jpg 930w\" sizes=\"(max-width: 495px) 100vw, 495px\" \/><\/figure>\n<\/div>\n<\/div>\n\n\n\n<p class=\"has-nv-dark-bg-color has-text-color\"><strong>Die Verm\u00f6gensplanung umfasst:<\/strong><\/p>\n\n\n\n<ul class=\"has-nv-dark-bg-color has-text-color wp-block-list\">\n<li>Aufstellung der vorhandenen Verm\u00f6gen wie Geld, Finanzanlagen, Immobilien, Wertgegenst\u00e4nde, Unternehmensbeteiligungen, Betriebsverm\u00f6gen<\/li>\n\n\n\n<li>Analyse der finanziellen Mittel und Reserven und der Verm\u00f6gensverh\u00e4ltnisse<\/li>\n\n\n\n<li>Entwicklung einer individuellen Verm\u00f6gensstrategie<\/li>\n\n\n\n<li>Planung der steueroptimierten Verm\u00f6gens\u00fcbergabe<\/li>\n\n\n\n<li>Regelm\u00e4\u00dfige Kontrolle und Anpassung der Verm\u00f6gensstrategie an die aktuelle betriebliche und famili\u00e4re Situation<\/li>\n<\/ul>\n\n\n\n<p class=\"has-nv-dark-bg-color has-text-color\">Bei unserem Erstgespr\u00e4ch zur Verm\u00f6gensberatung werden Ihnen viele Fragen gestellt, die ein genaues Bild \u00fcber die tats\u00e4chliche Verm\u00f6genssituation geben sollen.<\/p>\n\n\n\n<ul class=\"has-nv-dark-bg-color has-text-color wp-block-list\">\n<li>Ist das private Eigenheim abbezahlt?<\/li>\n\n\n\n<li>Existiert f\u00fcr das Unternehmen eine Liquidit\u00e4tsplanung?<\/li>\n\n\n\n<li>Welche Vorsorgema\u00dfnahmen wie Unternehmertestament, Testament, Patientenverf\u00fcgung und Vorsorgevollmacht wurden getroffen?<\/li>\n\n\n\n<li>Wie haben Sie f\u00fcr das Alter vorgesorgt?<\/li>\n\n\n\n<li>Was passiert mit Betriebsverm\u00f6gen bei Betriebsaufgabe bzw. -\u00fcbergabe?<\/li>\n\n\n\n<li>Wurde schon \u00fcber die Unternehmensnachfolge nachgedacht?<\/li>\n<\/ul>\n\n\n\n<p class=\"has-black-color has-text-color\" align=\"justify\">Daraus ersehen Sie, dass der Begriff der \u201e<strong>Verm\u00f6gensberatung<\/strong>\u201c wesentlich breiter gefasst ist, als es im Alltag geschieht. Meist wird hier nur auf konkrete Sparanlagen und Investitionsobjekte abgestellt. <strong>Verm\u00f6gensberatung<\/strong> ist Altersvorsorge, Vorsorgeplanung, Familienabsicherung, Verm\u00f6genssicherung sowie steueroptimierte Verm\u00f6gens\u00fcbergabe bei Erbschaft und Schenkung.<\/p>\n\n\n\n<hr class=\"wp-block-separator has-alpha-channel-opacity\"\/>\n\n\n\n<p class=\"has-nv-dark-bg-color has-text-color\"><strong>Finanzielle Allgemeinbildung<\/strong><\/p>\n\n\n\n<blockquote class=\"wp-block-quote has-nv-dark-bg-color has-text-color is-layout-flow wp-block-quote-is-layout-flow\">\n<p><strong>Finanzielle Allgemeinbildung,<\/strong> auch Finanzkompetenz oder Finanzbildung, ist ein Konzept, das davon ausgeht, dass Verbraucher in die Lage versetzt werden k\u00f6nnen, sich finanzwirtschaftliches Wissen anzueignen und hiermit zum Beispiel Probleme im Bereich von Finanzdienstleistungen selbst\u00e4ndig l\u00f6sen zu k\u00f6nnen.<\/p>\n<cite>Wikipedia<\/cite><\/blockquote>\n\n\n\n<p class=\"has-black-color has-text-color\" align=\"justify\">&#8222;Wissen ist Macht&#8220; wird es im Volksmund gerne gesagt. Wir, die SolveTax, vertreten jedoch die Auffassung &#8222;Wissen ist Freiheit&#8220;. Wir wollen aktiv die \u00f6konomische Allgemeinbildung f\u00f6rdern.Grunds\u00e4tzlich empfehlen wir das lesen von Fachb\u00fcchern, das Verfolgen von bestimmten Finanzyoutubern, Finanzbloggern und den Austausch mit bereits erfahrenen Freunden, Bekannten und Familie.<\/p>\n\n\n\n<p class=\"has-black-color has-text-color\" align=\"justify\">Sollten Sie jedoch konkreten Bedarf haben bitten wir Ihnen auf Anfrage ein Finanzcoaching an, welches Ihre Fragen gezielt behandelt und erl\u00e4utert, sowie Ihnen Grundprinzipien des Umgangs mit Finanzen und Versicherungen vermittelt. Lernen Sie den Umgang mit Ihren Finanzen und bauen sich ein Verm\u00f6gen auf.<\/p>\n\n\n\n<div class=\"wp-block-columns is-layout-flex wp-container-core-columns-is-layout-9d6595d7 wp-block-columns-is-layout-flex\">\n<div class=\"wp-block-column is-layout-flow wp-block-column-is-layout-flow\">\n<figure class=\"wp-block-image size-large\"><img decoding=\"async\" width=\"1024\" height=\"512\" src=\"https:\/\/www.solvetax-germany.com\/wp-content\/uploads\/2022\/08\/csm_marchmeena29ccc__1__f318ca51e1-1024x512.jpg\" alt=\"\" class=\"wp-image-923\" srcset=\"https:\/\/www.solvetax-germany.com\/wp-content\/uploads\/2022\/08\/csm_marchmeena29ccc__1__f318ca51e1-1024x512.jpg 1024w, https:\/\/www.solvetax-germany.com\/wp-content\/uploads\/2022\/08\/csm_marchmeena29ccc__1__f318ca51e1-300x150.jpg 300w, https:\/\/www.solvetax-germany.com\/wp-content\/uploads\/2022\/08\/csm_marchmeena29ccc__1__f318ca51e1-768x384.jpg 768w, https:\/\/www.solvetax-germany.com\/wp-content\/uploads\/2022\/08\/csm_marchmeena29ccc__1__f318ca51e1.jpg 1280w\" sizes=\"(max-width: 1024px) 100vw, 1024px\" \/><\/figure>\n<\/div>\n\n\n\n<div class=\"wp-block-column is-layout-flow wp-block-column-is-layout-flow\">\n<div style=\"height:45px\" aria-hidden=\"true\" class=\"wp-block-spacer\"><\/div>\n\n\n\n<p class=\"has-black-color has-text-color\" align=\"justify\">Sollten Sie jedoch konkreten Bedarf haben bitten wir Ihnen auf Anfrage ein Finanzcoaching an, welches Ihre Fragen gezielt behandelt und erl\u00e4utert, sowie Ihnen Grundprinzipien des Umgangs mit Finanzen und Versicherungen vermittelt. Lernen Sie den Umgang mit Ihren Finanzen und bauen sich ein Verm\u00f6gen auf.<\/p>\n<\/div>\n<\/div>\n<\/div><\/div>\n<\/div><\/div>\n\n\n\n<div class=\"wp-block-cover alignfull\" style=\"min-height:600px;aspect-ratio:unset;\"><span aria-hidden=\"true\" class=\"wp-block-cover__background has-nv-dark-bg-background-color has-background-dim-100 has-background-dim\"><\/span><div class=\"wp-block-cover__inner-container is-layout-flow wp-block-cover-is-layout-flow\">\n<div style=\"height:40px\" aria-hidden=\"true\" class=\"wp-block-spacer\"><\/div>\n\n\n\n<div class=\"wp-block-columns is-layout-flex wp-container-core-columns-is-layout-9d6595d7 wp-block-columns-is-layout-flex\">\n<div class=\"wp-block-column is-layout-flow wp-block-column-is-layout-flow\">\n<div style=\"height:126px\" aria-hidden=\"true\" class=\"wp-block-spacer\"><\/div>\n\n\n\n<h2 class=\"wp-block-heading\">Wir helfen Ihnen ihr Verm\u00f6gen aufzubauen<\/h2>\n\n\n\n<p>Kontaktieren Sie uns gerne zu einem unverbindlichen Vorgespr\u00e4ch<\/p>\n\n\n\n<div class=\"wp-block-buttons is-content-justification-left is-layout-flex wp-container-core-buttons-is-layout-fdcfc74e wp-block-buttons-is-layout-flex\">\n<div class=\"wp-block-button is-style-primary\"><a class=\"wp-block-button__link wp-element-button\" href=\"https:\/\/www.solvetax-germany.com\/?page_id=354\">Termin vereinbaren<\/a><\/div>\n<\/div>\n<\/div>\n\n\n\n<div class=\"wp-block-column is-layout-flow wp-block-column-is-layout-flow\">\n<figure class=\"wp-block-image size-full\"><img loading=\"lazy\" decoding=\"async\" width=\"600\" height=\"600\" src=\"https:\/\/www.solvetax-germany.com\/wp-content\/uploads\/2020\/01\/neve-web-design-bg-12.jpg\" alt=\"\" class=\"wp-image-39\"\/><\/figure>\n<\/div>\n<\/div>\n<\/div><\/div>\n","protected":false},"excerpt":{"rendered":"<p>Ihr Weg zu Verm\u00f6gen und Wohlstand<\/p>\n","protected":false},"author":1,"featured_media":0,"parent":710,"menu_order":1,"comment_status":"closed","ping_status":"closed","template":"","meta":{"neve_meta_sidebar":"default","neve_meta_container":"default","neve_meta_enable_content_width":"on","neve_meta_content_width":100,"neve_meta_title_alignment":"","neve_meta_author_avatar":"","neve_post_elements_order":"","neve_meta_disable_header":"","neve_meta_disable_footer":"","neve_meta_disable_title":"on","footnotes":""},"class_list":["post-801","page","type-page","status-publish","hentry"],"_links":{"self":[{"href":"http:\/\/www.solvetax-germany.com\/de\/wp-json\/wp\/v2\/pages\/801","targetHints":{"allow":["GET"]}}],"collection":[{"href":"http:\/\/www.solvetax-germany.com\/de\/wp-json\/wp\/v2\/pages"}],"about":[{"href":"http:\/\/www.solvetax-germany.com\/de\/wp-json\/wp\/v2\/types\/page"}],"author":[{"embeddable":true,"href":"http:\/\/www.solvetax-germany.com\/de\/wp-json\/wp\/v2\/users\/1"}],"replies":[{"embeddable":true,"href":"http:\/\/www.solvetax-germany.com\/de\/wp-json\/wp\/v2\/comments?post=801"}],"version-history":[{"count":9,"href":"http:\/\/www.solvetax-germany.com\/de\/wp-json\/wp\/v2\/pages\/801\/revisions"}],"predecessor-version":[{"id":1543,"href":"http:\/\/www.solvetax-germany.com\/de\/wp-json\/wp\/v2\/pages\/801\/revisions\/1543"}],"up":[{"embeddable":true,"href":"http:\/\/www.solvetax-germany.com\/de\/wp-json\/wp\/v2\/pages\/710"}],"wp:attachment":[{"href":"http:\/\/www.solvetax-germany.com\/de\/wp-json\/wp\/v2\/media?parent=801"}],"curies":[{"name":"wp","href":"https:\/\/api.w.org\/{rel}","templated":true}]}}