{"id":778,"date":"2022-07-28T19:08:34","date_gmt":"2022-07-28T19:08:34","guid":{"rendered":"https:\/\/www.solvetax-germany.com\/?page_id=778"},"modified":"2023-02-09T12:06:48","modified_gmt":"2023-02-09T10:06:48","slug":"existenzgruendungsberatung","status":"publish","type":"page","link":"http:\/\/www.solvetax-germany.com\/en\/leistungen-2\/existenzgruendungsberatung\/","title":{"rendered":"Start-up consulting"},"content":{"rendered":"<div class=\"wp-block-cover alignfull is-light\" style=\"min-height:389px;aspect-ratio:unset;\"><span aria-hidden=\"true\" class=\"wp-block-cover__background has-background-dim-0 has-background-dim\"><\/span><img fetchpriority=\"high\" decoding=\"async\" width=\"1920\" height=\"1280\" class=\"wp-block-cover__image-background wp-image-1525\" alt=\"\" src=\"https:\/\/www.solvetax-germany.com\/wp-content\/uploads\/2022\/12\/mount-cook-g2923f0b69_1920.jpg\" style=\"object-position:49% 36%\" data-object-fit=\"cover\" data-object-position=\"49% 36%\" srcset=\"https:\/\/www.solvetax-germany.com\/wp-content\/uploads\/2022\/12\/mount-cook-g2923f0b69_1920.jpg 1920w, https:\/\/www.solvetax-germany.com\/wp-content\/uploads\/2022\/12\/mount-cook-g2923f0b69_1920-300x200.jpg 300w, https:\/\/www.solvetax-germany.com\/wp-content\/uploads\/2022\/12\/mount-cook-g2923f0b69_1920-1024x683.jpg 1024w, https:\/\/www.solvetax-germany.com\/wp-content\/uploads\/2022\/12\/mount-cook-g2923f0b69_1920-768x512.jpg 768w, https:\/\/www.solvetax-germany.com\/wp-content\/uploads\/2022\/12\/mount-cook-g2923f0b69_1920-1536x1024.jpg 1536w, https:\/\/www.solvetax-germany.com\/wp-content\/uploads\/2022\/12\/mount-cook-g2923f0b69_1920-18x12.jpg 18w, https:\/\/www.solvetax-germany.com\/wp-content\/uploads\/2022\/12\/mount-cook-g2923f0b69_1920-930x620.jpg 930w\" sizes=\"(max-width: 1920px) 100vw, 1920px\" \/><div class=\"wp-block-cover__inner-container is-layout-flow wp-block-cover-is-layout-flow\">\n<div style=\"height:20px\" aria-hidden=\"true\" class=\"wp-block-spacer\"><\/div>\n\n\n\n<h1 class=\"has-text-align-center has-text-color wp-block-heading\" style=\"color:#121212;font-size:23px\"><\/h1>\n\n\n\n<p class=\"has-text-align-center has-text-color\" style=\"color:#121212;font-size:17px\"><\/p>\n\n\n\n<div class=\"wp-block-buttons is-horizontal is-content-justification-center is-layout-flex wp-container-core-buttons-is-layout-499968f5 wp-block-buttons-is-layout-flex\"><\/div>\n\n\n\n<div style=\"height:49px\" aria-hidden=\"true\" class=\"wp-block-spacer\"><\/div>\n<\/div><\/div>\n\n\n\n<div style=\"height:46px\" aria-hidden=\"true\" class=\"wp-block-spacer\"><\/div>\n\n\n\n<h2 class=\"wp-block-heading\">Start-up consulting<\/h2>\n\n\n\n<div style=\"height:0px\" aria-hidden=\"true\" class=\"wp-block-spacer\"><\/div>\n\n\n\n<div class=\"wp-block-cover alignfull\" style=\"min-height:600px;aspect-ratio:unset;\"><span aria-hidden=\"true\" class=\"wp-block-cover__background has-nv-light-bg-background-color has-background-dim-100 has-background-dim\"><\/span><div class=\"wp-block-cover__inner-container is-layout-flow wp-block-cover-is-layout-flow\">\n<div class=\"wp-block-group\"><div class=\"wp-block-group__inner-container is-layout-flow wp-block-group-is-layout-flow\">\n<div style=\"height:15px\" aria-hidden=\"true\" class=\"wp-block-spacer\"><\/div>\n\n\n\n<p class=\"has-nv-dark-bg-color has-text-color\">All beginnings are difficult! Even when starting a business, the support of a tax advisor can save considerable nerves and costs. Don't do too much, but definitely do the right thing.<\/p>\n\n\n\n<p class=\"has-black-color has-text-color\" align=\"justify\">We offer comprehensive company formation consulting or investment consulting. Likewise the business start-up consultation, consisting of a realization examination, a basic concept preparation as well as the liquidity and profitability preview, belongs to our services. We check sales-oriented calculations of brokers and banks for you and thus help you to avoid possible wrong decisions. Furthermore, we take care of all bureaucratic matters at the tax office for you, so that you can concentrate directly on your business.<\/p>\n\n\n\n<p class=\"has-black-color has-text-color\" align=\"justify\">As a member of the <a href=\"https:\/\/www.existenzgruender.de\/DE\/BMWi-Expertenforum\/Das-BMWK-Expertenforum\/inhalt.html\" target=\"_blank\" rel=\"noopener\">BMWK-Expertenforums<\/a> of the Federal Ministry of Economics and Climate Protection, we can draw on a further wealth of experience, which will be of benefit to you when setting up your company.<\/p>\n\n\n\n<p class=\"has-black-color has-text-color\" align=\"justify\">For all interested parties who can imagine setting up a business or taking the step into self-employment, but are still looking for basic information, the above-mentioned <a href=\"https:\/\/www.existenzgruender.de\/DE\/Gruendung-vorbereiten\/inhalt.html\" target=\"_blank\" rel=\"noopener\">Start-up portal<\/a> is warmly recommended. For concrete and more detailed information we are at your disposal.<\/p>\n\n\n\n<div class=\"wp-block-columns is-layout-flex wp-container-core-columns-is-layout-9d6595d7 wp-block-columns-is-layout-flex\">\n<div class=\"wp-block-column is-layout-flow wp-block-column-is-layout-flow\" style=\"flex-basis:66.66%\">\n<figure class=\"wp-block-gallery has-nested-images columns-default is-cropped wp-block-gallery-1 is-layout-flex wp-block-gallery-is-layout-flex\">\n<figure class=\"wp-block-image size-full\"><img decoding=\"async\" width=\"640\" height=\"421\" data-id=\"711\" src=\"https:\/\/www.solvetax-germany.com\/wp-content\/uploads\/2022\/07\/Startup.jpg\" alt=\"\" class=\"wp-image-711\" srcset=\"https:\/\/www.solvetax-germany.com\/wp-content\/uploads\/2022\/07\/Startup.jpg 640w, https:\/\/www.solvetax-germany.com\/wp-content\/uploads\/2022\/07\/Startup-300x197.jpg 300w\" sizes=\"(max-width: 640px) 100vw, 640px\" \/><\/figure>\n<\/figure>\n<\/div>\n\n\n\n<div class=\"wp-block-column has-nv-dark-bg-color has-text-color is-layout-flow wp-block-column-is-layout-flow\" style=\"flex-basis:33.33%\">\n<p class=\"has-nv-dark-bg-color has-text-color\"><\/p>\n\n\n\n<p><\/p>\n\n\n\n<p class=\"has-nv-dark-bg-color has-text-color\"><strong>Topics here are in particular:<\/strong><\/p>\n\n\n\n<ul class=\"wp-block-list\">\n<li>Preparation of a business plan<\/li>\n\n\n\n<li>Consultation on the founding formats<\/li>\n\n\n\n<li>Advice about the best legal form of company<\/li>\n\n\n\n<li>Registration to the tax office<\/li>\n<\/ul>\n<\/div>\n<\/div>\n\n\n\n<h3 class=\"has-nv-dark-bg-color has-text-color wp-block-heading\">Wichtige Fragen f\u00fcr Gr\u00fcnderinnen und Gr\u00fcnder<\/h3>\n\n\n\n<p class=\"has-nv-dark-bg-color has-text-color\">Ein Unternehmen zu gr\u00fcnden ist der Traum vieler Menschen. Allerdings reicht eine gute Gesch\u00e4fts\u00adidee alleine noch lange nicht aus. Folgende Fra\u00adgen sollten Sie sich vorab auf jeden Fall stellen.<\/p>\n\n\n\n<div data-wp-interactive=\"core\/file\" class=\"wp-block-file\"><object data-wp-bind--hidden=\"!state.hasPdfPreview\" hidden class=\"wp-block-file__embed\" data=\"https:\/\/www.solvetax-germany.com\/wp-content\/uploads\/2023\/02\/Wichtige_Fragen_fuer_Gruender.pdf\" type=\"application\/pdf\" style=\"width:100%;height:600px\" aria-label=\"PDF embed\"><\/object><a href=\"https:\/\/www.solvetax-germany.com\/wp-content\/uploads\/2023\/02\/Wichtige_Fragen_fuer_Gruender.pdf\" class=\"wp-block-file__button wp-element-button\" download>Herunterladen<\/a><\/div>\n\n\n\n<div class=\"wp-block-columns is-layout-flex wp-container-core-columns-is-layout-9d6595d7 wp-block-columns-is-layout-flex\">\n<div class=\"wp-block-column is-layout-flow wp-block-column-is-layout-flow\" style=\"flex-basis:100%\">\n<p class=\"has-nv-dark-bg-color has-text-color\">We support you for a good start in your business!<\/p>\n<\/div>\n<\/div>\n\n\n\n<div style=\"height:15px\" aria-hidden=\"true\" class=\"wp-block-spacer\"><\/div>\n<\/div><\/div>\n<\/div><\/div>\n\n\n\n<div class=\"wp-block-cover alignfull\" style=\"min-height:600px;aspect-ratio:unset;\"><span aria-hidden=\"true\" class=\"wp-block-cover__background has-nv-dark-bg-background-color has-background-dim-100 has-background-dim\"><\/span><div class=\"wp-block-cover__inner-container is-layout-flow wp-block-cover-is-layout-flow\">\n<div style=\"height:40px\" aria-hidden=\"true\" class=\"wp-block-spacer\"><\/div>\n\n\n\n<div class=\"wp-block-columns is-layout-flex wp-container-core-columns-is-layout-9d6595d7 wp-block-columns-is-layout-flex\">\n<div class=\"wp-block-column is-layout-flow wp-block-column-is-layout-flow\">\n<div style=\"height:126px\" aria-hidden=\"true\" class=\"wp-block-spacer\"><\/div>\n\n\n\n<h2 class=\"wp-block-heading\">Start your independence with us<\/h2>\n\n\n\n<p>Feel free to contact us for a non-binding initial consultation<\/p>\n\n\n\n<div class=\"wp-block-buttons is-content-justification-left is-layout-flex wp-container-core-buttons-is-layout-fdcfc74e wp-block-buttons-is-layout-flex\">\n<div class=\"wp-block-button is-style-primary\"><a class=\"wp-block-button__link wp-element-button\" href=\"https:\/\/www.solvetax-germany.com\/en\/?page_id=354\">Engage us<\/a><\/div>\n<\/div>\n<\/div>\n\n\n\n<div class=\"wp-block-column is-layout-flow wp-block-column-is-layout-flow\">\n<figure class=\"wp-block-image size-full\"><img decoding=\"async\" width=\"600\" height=\"600\" src=\"https:\/\/www.solvetax-germany.com\/wp-content\/uploads\/2020\/01\/neve-web-design-bg-12.jpg\" alt=\"\" class=\"wp-image-39\"\/><\/figure>\n<\/div>\n<\/div>\n<\/div><\/div>","protected":false},"excerpt":{"rendered":"<p>Start-up consulting<\/p>","protected":false},"author":1,"featured_media":0,"parent":710,"menu_order":1,"comment_status":"closed","ping_status":"closed","template":"","meta":{"neve_meta_sidebar":"default","neve_meta_container":"default","neve_meta_enable_content_width":"on","neve_meta_content_width":100,"neve_meta_title_alignment":"","neve_meta_author_avatar":"","neve_post_elements_order":"","neve_meta_disable_header":"","neve_meta_disable_footer":"","neve_meta_disable_title":"on","footnotes":""},"class_list":["post-778","page","type-page","status-publish","hentry"],"_links":{"self":[{"href":"http:\/\/www.solvetax-germany.com\/en\/wp-json\/wp\/v2\/pages\/778","targetHints":{"allow":["GET"]}}],"collection":[{"href":"http:\/\/www.solvetax-germany.com\/en\/wp-json\/wp\/v2\/pages"}],"about":[{"href":"http:\/\/www.solvetax-germany.com\/en\/wp-json\/wp\/v2\/types\/page"}],"author":[{"embeddable":true,"href":"http:\/\/www.solvetax-germany.com\/en\/wp-json\/wp\/v2\/users\/1"}],"replies":[{"embeddable":true,"href":"http:\/\/www.solvetax-germany.com\/en\/wp-json\/wp\/v2\/comments?post=778"}],"version-history":[{"count":8,"href":"http:\/\/www.solvetax-germany.com\/en\/wp-json\/wp\/v2\/pages\/778\/revisions"}],"predecessor-version":[{"id":1758,"href":"http:\/\/www.solvetax-germany.com\/en\/wp-json\/wp\/v2\/pages\/778\/revisions\/1758"}],"up":[{"embeddable":true,"href":"http:\/\/www.solvetax-germany.com\/en\/wp-json\/wp\/v2\/pages\/710"}],"wp:attachment":[{"href":"http:\/\/www.solvetax-germany.com\/en\/wp-json\/wp\/v2\/media?parent=778"}],"curies":[{"name":"wp","href":"https:\/\/api.w.org\/{rel}","templated":true}]}}