{"id":822,"date":"2022-07-28T20:08:42","date_gmt":"2022-07-28T20:08:42","guid":{"rendered":"https:\/\/www.solvetax-germany.com\/?page_id=822"},"modified":"2025-03-21T12:36:09","modified_gmt":"2025-03-21T10:36:09","slug":"investoren-und-vermoegensplanung","status":"publish","type":"page","link":"http:\/\/www.solvetax-germany.com\/en\/spezialisierungen-2\/investoren-und-vermoegensplanung\/","title":{"rendered":"Investoren und Verm\u00f6gensplanung"},"content":{"rendered":"<div class=\"wp-block-cover alignfull\" style=\"min-height:389px;aspect-ratio:unset;\"><span aria-hidden=\"true\" class=\"wp-block-cover__background has-background-dim-0 has-background-dim\"><\/span><img fetchpriority=\"high\" decoding=\"async\" width=\"1920\" height=\"979\" class=\"wp-block-cover__image-background wp-image-1586\" alt=\"\" src=\"https:\/\/www.solvetax-germany.com\/wp-content\/uploads\/2022\/12\/frankfurt-g8b3c7171b_1920.jpg\" style=\"object-position:56% 44%\" data-object-fit=\"cover\" data-object-position=\"56% 44%\" srcset=\"https:\/\/www.solvetax-germany.com\/wp-content\/uploads\/2022\/12\/frankfurt-g8b3c7171b_1920.jpg 1920w, https:\/\/www.solvetax-germany.com\/wp-content\/uploads\/2022\/12\/frankfurt-g8b3c7171b_1920-300x153.jpg 300w, https:\/\/www.solvetax-germany.com\/wp-content\/uploads\/2022\/12\/frankfurt-g8b3c7171b_1920-1024x522.jpg 1024w, https:\/\/www.solvetax-germany.com\/wp-content\/uploads\/2022\/12\/frankfurt-g8b3c7171b_1920-768x392.jpg 768w, https:\/\/www.solvetax-germany.com\/wp-content\/uploads\/2022\/12\/frankfurt-g8b3c7171b_1920-1536x783.jpg 1536w, https:\/\/www.solvetax-germany.com\/wp-content\/uploads\/2022\/12\/frankfurt-g8b3c7171b_1920-18x9.jpg 18w\" sizes=\"(max-width: 1920px) 100vw, 1920px\" \/><div class=\"wp-block-cover__inner-container is-layout-flow wp-block-cover-is-layout-flow\">\n<div style=\"height:20px\" aria-hidden=\"true\" class=\"wp-block-spacer\"><\/div>\n\n\n\n<h1 class=\"wp-block-heading has-text-align-center has-text-color\" style=\"color:#121212;font-size:23px\"><\/h1>\n\n\n\n<p class=\"has-text-align-center has-text-color\" style=\"color:#121212;font-size:17px\"><\/p>\n\n\n\n<div class=\"wp-block-buttons is-horizontal is-content-justification-center is-layout-flex wp-container-core-buttons-is-layout-499968f5 wp-block-buttons-is-layout-flex\"><\/div>\n\n\n\n<div style=\"height:49px\" aria-hidden=\"true\" class=\"wp-block-spacer\"><\/div>\n<\/div><\/div>\n\n\n\n<div style=\"height:46px\" aria-hidden=\"true\" class=\"wp-block-spacer\"><\/div>\n\n\n\n<h2 class=\"wp-block-heading\">Your partner for financial success<\/h2>\n\n\n\n<div style=\"height:0px\" aria-hidden=\"true\" class=\"wp-block-spacer\"><\/div>\n\n\n\n<div class=\"wp-block-cover alignfull\" style=\"min-height:600px;aspect-ratio:unset;\"><span aria-hidden=\"true\" class=\"wp-block-cover__background has-nv-light-bg-background-color has-background-dim-100 has-background-dim\"><\/span><div class=\"wp-block-cover__inner-container is-layout-flow wp-block-cover-is-layout-flow\">\n<div class=\"wp-block-group\"><div class=\"wp-block-group__inner-container is-layout-flow wp-block-group-is-layout-flow\">\n<div style=\"height:15px\" aria-hidden=\"true\" class=\"wp-block-spacer\"><\/div>\n\n\n\n<div class=\"elementor-element elementor-element-aa0e775 elementor-widget elementor-widget-text-editor\" data-id=\"aa0e775\" data-element_type=\"widget\" data-widget_type=\"text-editor.default\">\n<div class=\"elementor-widget-container\">\n<div class=\"elementor-text-editor elementor-clearfix\">\n<p><span style=\"color: #000000;\">Viele verstehen unter Verm\u00f6gensplanung nur die Vermittlung von Geldanlagen und Versicherungen, die ein klassischer Verm\u00f6gensberater leistet.<\/span><\/p>\n<p><span style=\"color: #000000;\">Als Ihr Steuerberater halten wir die langfristige Planung Ihres beruflichen Werdegangs, die Analyse Ihrer Verm\u00f6genssituation und die steuerliche Optimierung Ihrer Anlagestrategien aber f\u00fcr genauso wichtig.<\/span><\/p>\n<p><span style=\"color: #000000;\">Ihr m\u00fchsam erarbeitetes Verm\u00f6gen sollte zielgerichtet eingesetzt werden \u2013 n\u00e4mlich dort, wo es am effektivsten zur Erf\u00fcllung Ihrer Ziele beitr\u00e4gt.<\/span><\/p>\n<\/div>\n<\/div>\n<\/div>\n<p class=\"has-black-color has-text-color\" align=\"justify\"><span style=\"color: #000000;\">.<\/span><\/p>\n<h3><span style=\"color: #000000;\">Das Beste aus Ihrem Verm\u00f6gen herausholen. F\u00fcr Sie und Ihre Liebsten<\/span><\/h3>\n<div class=\"elementor-element elementor-element-5725c4f elementor-widget elementor-widget-text-editor\" data-id=\"5725c4f\" data-element_type=\"widget\" data-widget_type=\"text-editor.default\">\n<div class=\"elementor-widget-container\">\n<div class=\"elementor-text-editor elementor-clearfix\">\n<p><span style=\"color: #000000;\">Nicht nur das eigene Verm\u00f6gen spielt dabei eine Rolle, sondern auch die Versorgung der Menschen, die uns am Herzen liegen.<\/span><\/p>\n<p><span style=\"color: #000000;\">Im Rahmen unserer Beratungskonzepte ber\u00fccksichtigen wir deshalb auch Ihre privaten Bed\u00fcrfnisse und Ziele. Seien es Fragen zur vorweggenommenen Erbfolge, zur steuerg\u00fcnstigen Verteilung des Verm\u00f6gens auf Familienangeh\u00f6rige oder Fragen zu weiteren Gestaltungsm\u00f6glichkeiten.<\/span><\/p>\n<\/div>\n<\/div>\n<\/div>\n\n\n\n<div class=\"wp-block-columns is-layout-flex wp-container-core-columns-is-layout-9d6595d7 wp-block-columns-is-layout-flex\">\n<div class=\"wp-block-column is-layout-flow wp-block-column-is-layout-flow\">\n<div style=\"height:26px\" aria-hidden=\"true\" class=\"wp-block-spacer\"><\/div>\n\n\n\n<div style=\"height:31px\" aria-hidden=\"true\" class=\"wp-block-spacer\"><\/div>\n\n\n\n<figure class=\"wp-block-image size-large\"><img decoding=\"async\" width=\"1024\" height=\"683\" src=\"https:\/\/www.solvetax-germany.com\/wp-content\/uploads\/2022\/07\/pexels-nataliya-vaitkevich-6120207-1024x683.jpg\" alt=\"\" class=\"wp-image-810\" srcset=\"https:\/\/www.solvetax-germany.com\/wp-content\/uploads\/2022\/07\/pexels-nataliya-vaitkevich-6120207-1024x683.jpg 1024w, https:\/\/www.solvetax-germany.com\/wp-content\/uploads\/2022\/07\/pexels-nataliya-vaitkevich-6120207-300x200.jpg 300w, https:\/\/www.solvetax-germany.com\/wp-content\/uploads\/2022\/07\/pexels-nataliya-vaitkevich-6120207-768x512.jpg 768w, https:\/\/www.solvetax-germany.com\/wp-content\/uploads\/2022\/07\/pexels-nataliya-vaitkevich-6120207-1536x1024.jpg 1536w, https:\/\/www.solvetax-germany.com\/wp-content\/uploads\/2022\/07\/pexels-nataliya-vaitkevich-6120207-2048x1365.jpg 2048w, https:\/\/www.solvetax-germany.com\/wp-content\/uploads\/2022\/07\/pexels-nataliya-vaitkevich-6120207-930x620.jpg 930w\" sizes=\"(max-width: 1024px) 100vw, 1024px\" \/><\/figure>\n<\/div>\n\n\n\n<div class=\"wp-block-column is-layout-flow wp-block-column-is-layout-flow\">\n<p class=\"has-nv-dark-bg-color has-text-color\"><strong>Topics here are in particular:<\/strong><\/p>\n\n\n\n<ul class=\"wp-block-list has-nv-dark-bg-color has-text-color\">\n<li>Establishment of companies<\/li>\n\n\n\n<li>Planning of holding structures for tax optimization<\/li>\n\n\n\n<li>Preparation of applications for the refund of withholding taxes<\/li>\n\n\n\n<li>Expertise in the form of tax opinions for specific investment cases&nbsp;<\/li>\n<\/ul>\n\n\n\n<p class=\"has-nv-dark-bg-color has-text-color\">Insbesondere bieten wir auch:<\/p>\n\n\n\n<ul class=\"wp-block-list has-nv-dark-bg-color has-text-color\">\n<li>Verm\u00f6gensplanung und -optimierung f\u00fcr Unternehmen und Privatpersonen<\/li>\n\n\n\n<li>Finanzanalysen<\/li>\n\n\n\n<li>Steuerliche Optimierung Ihrer Anlagestrategien<\/li>\n\n\n\n<li>Unterst\u00fctzung bei Anlageentscheidungen<\/li>\n<\/ul>\n<\/div>\n<\/div>\n<\/div><\/div>\n\n\n\n<p class=\"has-nv-dark-bg-color has-text-color\">Investment opportunities are not only available in Germany. Through our network with foreign partners, we can also provide you with tax advice on foreign investments.<\/p>\n<\/div><\/div>\n\n\n\n<div class=\"wp-block-cover alignfull\" style=\"min-height:300px;aspect-ratio:unset;\"><span aria-hidden=\"true\" class=\"wp-block-cover__background has-nv-dark-bg-background-color has-background-dim-100 has-background-dim\"><\/span><div class=\"wp-block-cover__inner-container is-layout-flow wp-block-cover-is-layout-flow\">\n<div style=\"height:0px\" aria-hidden=\"true\" class=\"wp-block-spacer\"><\/div>\n\n\n\n<div class=\"wp-block-columns is-layout-flex wp-container-core-columns-is-layout-9d6595d7 wp-block-columns-is-layout-flex\">\n<div class=\"wp-block-column is-layout-flow wp-block-column-is-layout-flow\">\n<div style=\"height:0px\" aria-hidden=\"true\" class=\"wp-block-spacer\"><\/div>\n\n\n\n<h2 class=\"wp-block-heading has-text-align-center\">Let's talk about money<\/h2>\n\n\n\n<p class=\"has-text-align-center\">Please feel free to contact us for a non-binding preliminary discussion<\/p>\n\n\n\n<div class=\"wp-block-buttons is-content-justification-center is-layout-flex wp-container-core-buttons-is-layout-16018d1d wp-block-buttons-is-layout-flex\">\n<div class=\"wp-block-button is-style-primary\"><a class=\"wp-block-button__link wp-element-button\" href=\"https:\/\/www.solvetax-germany.com\/en\/?page_id=354\">Engage us<\/a><\/div>\n<\/div>\n<\/div>\n<\/div>\n<\/div><\/div>","protected":false},"excerpt":{"rendered":"<p>Your partner for financial success<\/p>","protected":false},"author":1,"featured_media":0,"parent":809,"menu_order":1,"comment_status":"closed","ping_status":"closed","template":"","meta":{"neve_meta_sidebar":"default","neve_meta_container":"default","neve_meta_enable_content_width":"on","neve_meta_content_width":100,"neve_meta_title_alignment":"","neve_meta_author_avatar":"","neve_post_elements_order":"","neve_meta_disable_header":"","neve_meta_disable_footer":"","neve_meta_disable_title":"on","footnotes":""},"class_list":["post-822","page","type-page","status-publish","hentry"],"_links":{"self":[{"href":"http:\/\/www.solvetax-germany.com\/en\/wp-json\/wp\/v2\/pages\/822","targetHints":{"allow":["GET"]}}],"collection":[{"href":"http:\/\/www.solvetax-germany.com\/en\/wp-json\/wp\/v2\/pages"}],"about":[{"href":"http:\/\/www.solvetax-germany.com\/en\/wp-json\/wp\/v2\/types\/page"}],"author":[{"embeddable":true,"href":"http:\/\/www.solvetax-germany.com\/en\/wp-json\/wp\/v2\/users\/1"}],"replies":[{"embeddable":true,"href":"http:\/\/www.solvetax-germany.com\/en\/wp-json\/wp\/v2\/comments?post=822"}],"version-history":[{"count":12,"href":"http:\/\/www.solvetax-germany.com\/en\/wp-json\/wp\/v2\/pages\/822\/revisions"}],"predecessor-version":[{"id":2025,"href":"http:\/\/www.solvetax-germany.com\/en\/wp-json\/wp\/v2\/pages\/822\/revisions\/2025"}],"up":[{"embeddable":true,"href":"http:\/\/www.solvetax-germany.com\/en\/wp-json\/wp\/v2\/pages\/809"}],"wp:attachment":[{"href":"http:\/\/www.solvetax-germany.com\/en\/wp-json\/wp\/v2\/media?parent=822"}],"curies":[{"name":"wp","href":"https:\/\/api.w.org\/{rel}","templated":true}]}}