{"id":825,"date":"2022-07-28T20:13:31","date_gmt":"2022-07-28T20:13:31","guid":{"rendered":"https:\/\/www.solvetax-germany.com\/?page_id=825"},"modified":"2023-02-09T13:13:55","modified_gmt":"2023-02-09T11:13:55","slug":"startup-consulting","status":"publish","type":"page","link":"http:\/\/www.solvetax-germany.com\/en\/spezialisierungen-2\/startup-consulting\/","title":{"rendered":"StartUp-Beratung"},"content":{"rendered":"<div class=\"wp-block-cover alignfull\" style=\"min-height:389px;aspect-ratio:unset;\"><span aria-hidden=\"true\" class=\"wp-block-cover__background has-background-dim-0 has-background-dim\"><\/span><img fetchpriority=\"high\" decoding=\"async\" width=\"1920\" height=\"1080\" class=\"wp-block-cover__image-background wp-image-1589\" alt=\"\" src=\"https:\/\/www.solvetax-germany.com\/wp-content\/uploads\/2022\/12\/mountain-g12add68ab_1920-2.jpg\" style=\"object-position:49% 22%\" data-object-fit=\"cover\" data-object-position=\"49% 22%\" srcset=\"https:\/\/www.solvetax-germany.com\/wp-content\/uploads\/2022\/12\/mountain-g12add68ab_1920-2.jpg 1920w, https:\/\/www.solvetax-germany.com\/wp-content\/uploads\/2022\/12\/mountain-g12add68ab_1920-2-300x169.jpg 300w, https:\/\/www.solvetax-germany.com\/wp-content\/uploads\/2022\/12\/mountain-g12add68ab_1920-2-1024x576.jpg 1024w, https:\/\/www.solvetax-germany.com\/wp-content\/uploads\/2022\/12\/mountain-g12add68ab_1920-2-768x432.jpg 768w, https:\/\/www.solvetax-germany.com\/wp-content\/uploads\/2022\/12\/mountain-g12add68ab_1920-2-1536x864.jpg 1536w, https:\/\/www.solvetax-germany.com\/wp-content\/uploads\/2022\/12\/mountain-g12add68ab_1920-2-18x10.jpg 18w\" sizes=\"(max-width: 1920px) 100vw, 1920px\" \/><div class=\"wp-block-cover__inner-container is-layout-flow wp-block-cover-is-layout-flow\">\n<div style=\"height:20px\" aria-hidden=\"true\" class=\"wp-block-spacer\"><\/div>\n\n\n\n<h1 class=\"has-text-align-center has-text-color wp-block-heading\" style=\"color:#121212;font-size:23px\"><\/h1>\n\n\n\n<p class=\"has-text-align-center has-text-color\" style=\"color:#121212;font-size:17px\"><\/p>\n\n\n\n<div class=\"wp-block-buttons is-horizontal is-content-justification-center is-layout-flex wp-container-core-buttons-is-layout-499968f5 wp-block-buttons-is-layout-flex\"><\/div>\n\n\n\n<div style=\"height:49px\" aria-hidden=\"true\" class=\"wp-block-spacer\"><\/div>\n<\/div><\/div>\n\n\n\n<div style=\"height:46px\" aria-hidden=\"true\" class=\"wp-block-spacer\"><\/div>\n\n\n\n<h2 class=\"wp-block-heading\">Wir unterst\u00fctzen Sie bei Ihrem Start zum Erfolg<\/h2>\n\n\n\n<div style=\"height:0px\" aria-hidden=\"true\" class=\"wp-block-spacer\"><\/div>\n\n\n\n<div class=\"wp-block-cover alignfull\" style=\"min-height:600px;aspect-ratio:unset;\"><span aria-hidden=\"true\" class=\"wp-block-cover__background has-nv-light-bg-background-color has-background-dim-100 has-background-dim\"><\/span><div class=\"wp-block-cover__inner-container is-layout-flow wp-block-cover-is-layout-flow\">\n<div class=\"wp-block-group\"><div class=\"wp-block-group__inner-container is-layout-flow wp-block-group-is-layout-flow\">\n<div style=\"height:15px\" aria-hidden=\"true\" class=\"wp-block-spacer\"><\/div>\n\n\n\n<p class=\"has-black-color has-text-color\" align=\"justify\">Als kompetenter Steuerberater f\u00fcr Startups begleiten wir Gr\u00fcnder von Anfang an auf Ihrem Weg zu einem erfolgreichen Unternehmen in Steuer- und Unternehmensfragen. Als Experten-Mitglied des <a href=\"https:\/\/www.existenzgruender.de\/DE\/Home\/inhalt.html\" target=\"_blank\" rel=\"noopener\">Existenzgr\u00fcnderportal des BMWK<\/a> sowie durch Zusammenarbeit mit Gr\u00fcnderzentren k\u00f6nnen wir Sie fundiert unterst\u00fctzen. Fokussieren Sie sich auf Ihre eigentliche Aufgabe als Startup-Gr\u00fcnder: den Aufbau Ihres Unternehmens. Hierbei unterst\u00fctzen wir selbstverst\u00e4ndlich auch bei betriebswirtschaftlichen Fragestellungen und Problembew\u00e4ltigungen. Mit unserem Netzwerk bringen wir Gr\u00fcnder mit potenziellen Gesch\u00e4ftspartnern und Investoren zusammen.<\/p>\n\n\n\n<div class=\"wp-block-columns is-layout-flex wp-container-core-columns-is-layout-9d6595d7 wp-block-columns-is-layout-flex\">\n<div class=\"wp-block-column is-layout-flow wp-block-column-is-layout-flow\">\n<figure class=\"wp-block-image size-large\"><img decoding=\"async\" width=\"1024\" height=\"683\" src=\"https:\/\/www.solvetax-germany.com\/wp-content\/uploads\/2022\/07\/pexels-rodnae-productions-7413915-scaled-e1659427615594-1024x683.jpg\" alt=\"\" class=\"wp-image-811\" srcset=\"https:\/\/www.solvetax-germany.com\/wp-content\/uploads\/2022\/07\/pexels-rodnae-productions-7413915-scaled-e1659427615594-1024x683.jpg 1024w, https:\/\/www.solvetax-germany.com\/wp-content\/uploads\/2022\/07\/pexels-rodnae-productions-7413915-scaled-e1659427615594-300x200.jpg 300w, https:\/\/www.solvetax-germany.com\/wp-content\/uploads\/2022\/07\/pexels-rodnae-productions-7413915-scaled-e1659427615594-768x512.jpg 768w, https:\/\/www.solvetax-germany.com\/wp-content\/uploads\/2022\/07\/pexels-rodnae-productions-7413915-scaled-e1659427615594-930x620.jpg 930w, https:\/\/www.solvetax-germany.com\/wp-content\/uploads\/2022\/07\/pexels-rodnae-productions-7413915-scaled-e1659427615594.jpg 1062w\" sizes=\"(max-width: 1024px) 100vw, 1024px\" \/><\/figure>\n<\/div>\n\n\n\n<div class=\"wp-block-column has-nv-dark-bg-color has-text-color is-layout-flow wp-block-column-is-layout-flow\">\n<p class=\"has-nv-dark-bg-color has-text-color\"><strong>Frequently asked questions:<\/strong><\/p>\n\n\n\n<ul class=\"wp-block-list\">\n<li>Preparation of a business plan<\/li>\n\n\n\n<li>Optimal choice of legal company form<\/li>\n\n\n\n<li>Examination of possible subsidies for start-ups<\/li>\n\n\n\n<li>Outsourcing of financial and payroll accounting<\/li>\n\n\n\n<li>Professional documentation for third parties (e.g. for investors, banks, funding agencies)<\/li>\n\n\n\n<li>Extrapolation of the impact of financing alternatives<\/li>\n\n\n\n<li>Preparation of planning calculations<\/li>\n\n\n\n<li>Finanzierungsm\u00f6glichkeiten (z. B. <a href=\"https:\/\/www.kfw.de\/inlandsfoerderung\/Unternehmen\/Gr%C3%BCnden-Nachfolgen\/F%C3%B6rderprodukte\/ERP-Gr%C3%BCnderkredit-Startgeld-(067)\/\" target=\"_blank\" rel=\"noopener\">ERP-Gr\u00fcnderkredit \u2013 StartGeld<\/a>)<\/li>\n<\/ul>\n<\/div>\n<\/div>\n<\/div><\/div>\n\n\n\n<h3 class=\"has-nv-dark-bg-color has-text-color wp-block-heading\">We offer answers and solutions<\/h3>\n\n\n\n<p class=\"has-black-color has-text-color\" align=\"justify\">In a structured process, we analyze your start-up project together with you and show you opportunities, problem areas and solutions. In doing so, we always keep the success of your start-up project in mind and offer you one thing in addition to valuable tips and our experience from the various industries: the certainty of doing everything right from a tax perspective and not being alone with your questions.<\/p>\n<h3 align=\"justify\"><span style=\"color: #000000;\">Wichtige Fragen f\u00fcr Gr\u00fcnderinnen und Gr\u00fcnder<\/span><\/h3>\n\n\n\n<p class=\"has-nv-dark-bg-color has-text-color\">Ein Unternehmen zu gr\u00fcnden ist der Traum vieler Menschen. Allerdings reicht eine gute Gesch\u00e4fts\u00adidee alleine noch lange nicht aus. Folgende Fra\u00adgen sollten Sie sich vorab auf jeden Fall stellen.<\/p>\n\n\n\n<div data-wp-interactive=\"core\/file\" class=\"wp-block-file\"><object data-wp-bind--hidden=\"!state.hasPdfPreview\" hidden class=\"wp-block-file__embed\" data=\"https:\/\/www.solvetax-germany.com\/wp-content\/uploads\/2023\/02\/Wichtige_Fragen_fuer_Gruender.pdf\" type=\"application\/pdf\" style=\"width:100%;height:600px\" aria-label=\"PDF embed\"><\/object><a href=\"https:\/\/www.solvetax-germany.com\/wp-content\/uploads\/2023\/02\/Wichtige_Fragen_fuer_Gruender.pdf\" class=\"wp-block-file__button wp-element-button\" download>Herunterladen<\/a><\/div>\n<\/div><\/div>\n\n\n\n<div class=\"wp-block-cover alignfull\" style=\"min-height:300px;aspect-ratio:unset;\"><span aria-hidden=\"true\" class=\"wp-block-cover__background has-nv-dark-bg-background-color has-background-dim-100 has-background-dim\"><\/span><div class=\"wp-block-cover__inner-container is-layout-flow wp-block-cover-is-layout-flow\">\n<div style=\"height:40px\" aria-hidden=\"true\" class=\"wp-block-spacer\"><\/div>\n\n\n\n<div class=\"wp-block-columns is-layout-flex wp-container-core-columns-is-layout-9d6595d7 wp-block-columns-is-layout-flex\">\n<div class=\"wp-block-column is-layout-flow wp-block-column-is-layout-flow\">\n<div style=\"height:0px\" aria-hidden=\"true\" class=\"wp-block-spacer\"><\/div>\n\n\n\n<h2 class=\"has-text-align-center wp-block-heading\">Let's start together!<\/h2>\n\n\n\n<p class=\"has-text-align-center\">Please feel free to contact us for a non-binding preliminary discussion<\/p>\n\n\n\n<div class=\"wp-block-buttons is-content-justification-center is-layout-flex wp-container-core-buttons-is-layout-16018d1d wp-block-buttons-is-layout-flex\">\n<div class=\"wp-block-button is-style-primary\"><a class=\"wp-block-button__link wp-element-button\" href=\"https:\/\/www.solvetax-germany.com\/en\/?page_id=354\">Engage us<\/a><\/div>\n<\/div>\n<\/div>\n<\/div>\n<\/div><\/div>","protected":false},"excerpt":{"rendered":"<p>Wir unterst\u00fctzen Sie bei Ihrem Start zum Erfolg<\/p>","protected":false},"author":1,"featured_media":0,"parent":809,"menu_order":1,"comment_status":"closed","ping_status":"closed","template":"","meta":{"neve_meta_sidebar":"default","neve_meta_container":"default","neve_meta_enable_content_width":"on","neve_meta_content_width":100,"neve_meta_title_alignment":"","neve_meta_author_avatar":"","neve_post_elements_order":"","neve_meta_disable_header":"","neve_meta_disable_footer":"","neve_meta_disable_title":"on","footnotes":""},"class_list":["post-825","page","type-page","status-publish","hentry"],"_links":{"self":[{"href":"http:\/\/www.solvetax-germany.com\/en\/wp-json\/wp\/v2\/pages\/825","targetHints":{"allow":["GET"]}}],"collection":[{"href":"http:\/\/www.solvetax-germany.com\/en\/wp-json\/wp\/v2\/pages"}],"about":[{"href":"http:\/\/www.solvetax-germany.com\/en\/wp-json\/wp\/v2\/types\/page"}],"author":[{"embeddable":true,"href":"http:\/\/www.solvetax-germany.com\/en\/wp-json\/wp\/v2\/users\/1"}],"replies":[{"embeddable":true,"href":"http:\/\/www.solvetax-germany.com\/en\/wp-json\/wp\/v2\/comments?post=825"}],"version-history":[{"count":13,"href":"http:\/\/www.solvetax-germany.com\/en\/wp-json\/wp\/v2\/pages\/825\/revisions"}],"predecessor-version":[{"id":1759,"href":"http:\/\/www.solvetax-germany.com\/en\/wp-json\/wp\/v2\/pages\/825\/revisions\/1759"}],"up":[{"embeddable":true,"href":"http:\/\/www.solvetax-germany.com\/en\/wp-json\/wp\/v2\/pages\/809"}],"wp:attachment":[{"href":"http:\/\/www.solvetax-germany.com\/en\/wp-json\/wp\/v2\/media?parent=825"}],"curies":[{"name":"wp","href":"https:\/\/api.w.org\/{rel}","templated":true}]}}