{"id":831,"date":"2022-07-28T20:18:59","date_gmt":"2022-07-28T20:18:59","guid":{"rendered":"https:\/\/www.solvetax-germany.com\/?page_id=831"},"modified":"2022-12-27T23:30:21","modified_gmt":"2022-12-27T21:30:21","slug":"kapitalgesellschaften","status":"publish","type":"page","link":"http:\/\/www.solvetax-germany.com\/en\/spezialisierungen-2\/kapitalgesellschaften\/","title":{"rendered":"Corporations"},"content":{"rendered":"<div class=\"wp-block-cover alignfull\" style=\"min-height:389px;aspect-ratio:unset;\"><span aria-hidden=\"true\" class=\"wp-block-cover__background has-background-dim-0 has-background-dim\"><\/span><img fetchpriority=\"high\" decoding=\"async\" width=\"1920\" height=\"1282\" class=\"wp-block-cover__image-background wp-image-1594\" alt=\"\" src=\"https:\/\/www.solvetax-germany.com\/wp-content\/uploads\/2022\/12\/palace-ga938e6d1f_1920.jpg\" style=\"object-position:57% 39%\" data-object-fit=\"cover\" data-object-position=\"57% 39%\" srcset=\"https:\/\/www.solvetax-germany.com\/wp-content\/uploads\/2022\/12\/palace-ga938e6d1f_1920.jpg 1920w, https:\/\/www.solvetax-germany.com\/wp-content\/uploads\/2022\/12\/palace-ga938e6d1f_1920-300x200.jpg 300w, https:\/\/www.solvetax-germany.com\/wp-content\/uploads\/2022\/12\/palace-ga938e6d1f_1920-1024x684.jpg 1024w, https:\/\/www.solvetax-germany.com\/wp-content\/uploads\/2022\/12\/palace-ga938e6d1f_1920-768x513.jpg 768w, https:\/\/www.solvetax-germany.com\/wp-content\/uploads\/2022\/12\/palace-ga938e6d1f_1920-1536x1026.jpg 1536w, https:\/\/www.solvetax-germany.com\/wp-content\/uploads\/2022\/12\/palace-ga938e6d1f_1920-18x12.jpg 18w, https:\/\/www.solvetax-germany.com\/wp-content\/uploads\/2022\/12\/palace-ga938e6d1f_1920-930x620.jpg 930w\" sizes=\"(max-width: 1920px) 100vw, 1920px\" \/><div class=\"wp-block-cover__inner-container is-layout-flow wp-block-cover-is-layout-flow\">\n<div style=\"height:20px\" aria-hidden=\"true\" class=\"wp-block-spacer\"><\/div>\n\n\n\n<h1 class=\"has-text-align-center has-text-color wp-block-heading\" style=\"color:#121212;font-size:23px\"><\/h1>\n\n\n\n<p class=\"has-text-align-center has-text-color\" style=\"color:#121212;font-size:17px\"><\/p>\n\n\n\n<div class=\"wp-block-buttons is-horizontal is-content-justification-center is-layout-flex wp-container-core-buttons-is-layout-499968f5 wp-block-buttons-is-layout-flex\"><\/div>\n\n\n\n<div style=\"height:49px\" aria-hidden=\"true\" class=\"wp-block-spacer\"><\/div>\n<\/div><\/div>\n\n\n\n<div style=\"height:46px\" aria-hidden=\"true\" class=\"wp-block-spacer\"><\/div>\n\n\n\n<h2 class=\"wp-block-heading\">Tax advice for corporations<\/h2>\n\n\n\n<div style=\"height:0px\" aria-hidden=\"true\" class=\"wp-block-spacer\"><\/div>\n\n\n\n<div class=\"wp-block-cover alignfull\" style=\"min-height:600px;aspect-ratio:unset;\"><span aria-hidden=\"true\" class=\"wp-block-cover__background has-nv-light-bg-background-color has-background-dim-100 has-background-dim\"><\/span><div class=\"wp-block-cover__inner-container is-layout-flow wp-block-cover-is-layout-flow\">\n<div class=\"wp-block-group\"><div class=\"wp-block-group__inner-container is-layout-flow wp-block-group-is-layout-flow\">\n<div style=\"height:15px\" aria-hidden=\"true\" class=\"wp-block-spacer\"><\/div>\n\n\n\n<p class=\"has-black-color has-text-color\" align=\"justify\">Die Gesellschaft mit beschr\u00e4nkter Haftung (kurz: \u201eGmbH\u201c) ist die am h\u00e4ufigsten gew\u00e4hlte Rechtsform im deutschen Gesellschaftsrecht. Wesentliche Vorteile der GmbH sind ihrer Haftungsbeschr\u00e4nkung und ihre besonderen steuerlichen Privilegien. Nachteile der GmbH sind die\u00a0formalen Gr\u00fcndungsvoraussetzungen und das aufw\u00e4ndige Liquidationsverfahren. Dadurch, dass die GmbH als Kapitalgesellschaft ein eigenes Steuersubjekt ist, haben Gesellschafter und Gesch\u00e4ftsf\u00fchrer viele steuerliche Gestaltungsm\u00f6glichkeiten.<\/p>\n\n\n\n<p class=\"has-black-color has-text-color\" align=\"justify\">We inform you about your possibilities to optimally set up your corporation or the entire company construct with the inclusion of corporations from a tax point of view. Depending on the individually sensible constellation, both national and international, significant tax reductions can be achieved with simultaneous liability reduction and asset accumulation.<\/p>\n\n\n\n<div class=\"wp-block-columns is-layout-flex wp-container-core-columns-is-layout-9d6595d7 wp-block-columns-is-layout-flex\">\n<div class=\"wp-block-column is-layout-flow wp-block-column-is-layout-flow\">\n<figure class=\"wp-block-image size-large\"><img decoding=\"async\" width=\"1024\" height=\"681\" src=\"https:\/\/www.solvetax-germany.com\/wp-content\/uploads\/2022\/12\/meeting-gabd0b2e03_1920-1024x681.jpg\" alt=\"\" class=\"wp-image-1596\" srcset=\"https:\/\/www.solvetax-germany.com\/wp-content\/uploads\/2022\/12\/meeting-gabd0b2e03_1920-1024x681.jpg 1024w, https:\/\/www.solvetax-germany.com\/wp-content\/uploads\/2022\/12\/meeting-gabd0b2e03_1920-300x199.jpg 300w, https:\/\/www.solvetax-germany.com\/wp-content\/uploads\/2022\/12\/meeting-gabd0b2e03_1920-768x510.jpg 768w, https:\/\/www.solvetax-germany.com\/wp-content\/uploads\/2022\/12\/meeting-gabd0b2e03_1920-1536x1021.jpg 1536w, https:\/\/www.solvetax-germany.com\/wp-content\/uploads\/2022\/12\/meeting-gabd0b2e03_1920-18x12.jpg 18w, https:\/\/www.solvetax-germany.com\/wp-content\/uploads\/2022\/12\/meeting-gabd0b2e03_1920.jpg 1920w\" sizes=\"(max-width: 1024px) 100vw, 1024px\" \/><\/figure>\n<\/div>\n\n\n\n<div class=\"wp-block-column has-nv-dark-bg-color has-text-color is-layout-flow wp-block-column-is-layout-flow\">\n<p><\/p>\n\n\n\n<p class=\"has-nv-dark-bg-color has-text-color\"><strong>We support you in particular with the following topics<\/strong><\/p>\n\n\n\n<ul class=\"wp-block-list\">\n<li>Determination of the appropriate german corporate form (UG, GmbH, AG)<\/li>\n\n\n\n<li>Support in the establishment of companies<\/li>\n\n\n\n<li>Tax optimization of, among other things, holding structures<\/li>\n\n\n\n<li>Preparation of payroll and accounting<\/li>\n\n\n\n<li>Preparation of annual financial statements<\/li>\n\n\n\n<li>Organization and management consulting<\/li>\n<\/ul>\n<\/div>\n<\/div>\n<\/div><\/div>\n\n\n\n<p class=\"has-nv-dark-bg-color has-text-color\">We will be happy to show you the advantages and disadvantages of setting up a corporation and discuss whether this form of company makes sense for you.<\/p>\n<\/div><\/div>\n\n\n\n<div class=\"wp-block-cover alignfull\" style=\"min-height:300px;aspect-ratio:unset;\"><span aria-hidden=\"true\" class=\"wp-block-cover__background has-nv-dark-bg-background-color has-background-dim-100 has-background-dim\"><\/span><div class=\"wp-block-cover__inner-container is-layout-flow wp-block-cover-is-layout-flow\">\n<div style=\"height:40px\" aria-hidden=\"true\" class=\"wp-block-spacer\"><\/div>\n\n\n\n<div class=\"wp-block-columns is-layout-flex wp-container-core-columns-is-layout-9d6595d7 wp-block-columns-is-layout-flex\">\n<div class=\"wp-block-column is-layout-flow wp-block-column-is-layout-flow\">\n<div style=\"height:0px\" aria-hidden=\"true\" class=\"wp-block-spacer\"><\/div>\n\n\n\n<h2 class=\"has-text-align-center wp-block-heading\">Let's start!<\/h2>\n\n\n\n<p class=\"has-text-align-center\">Please feel free to contact us for a non-binding preliminary discussion<\/p>\n\n\n\n<div class=\"wp-block-buttons is-content-justification-center is-layout-flex wp-container-core-buttons-is-layout-16018d1d wp-block-buttons-is-layout-flex\">\n<div class=\"wp-block-button is-style-primary\"><a class=\"wp-block-button__link wp-element-button\" href=\"https:\/\/www.solvetax-germany.com\/en\/?page_id=354\">Engage us<\/a><\/div>\n<\/div>\n<\/div>\n<\/div>\n<\/div><\/div>","protected":false},"excerpt":{"rendered":"<p>Tax advice for corporations<\/p>","protected":false},"author":1,"featured_media":0,"parent":809,"menu_order":1,"comment_status":"closed","ping_status":"closed","template":"","meta":{"neve_meta_sidebar":"default","neve_meta_container":"default","neve_meta_enable_content_width":"on","neve_meta_content_width":100,"neve_meta_title_alignment":"","neve_meta_author_avatar":"","neve_post_elements_order":"","neve_meta_disable_header":"","neve_meta_disable_footer":"","neve_meta_disable_title":"on","footnotes":""},"class_list":["post-831","page","type-page","status-publish","hentry"],"_links":{"self":[{"href":"http:\/\/www.solvetax-germany.com\/en\/wp-json\/wp\/v2\/pages\/831","targetHints":{"allow":["GET"]}}],"collection":[{"href":"http:\/\/www.solvetax-germany.com\/en\/wp-json\/wp\/v2\/pages"}],"about":[{"href":"http:\/\/www.solvetax-germany.com\/en\/wp-json\/wp\/v2\/types\/page"}],"author":[{"embeddable":true,"href":"http:\/\/www.solvetax-germany.com\/en\/wp-json\/wp\/v2\/users\/1"}],"replies":[{"embeddable":true,"href":"http:\/\/www.solvetax-germany.com\/en\/wp-json\/wp\/v2\/comments?post=831"}],"version-history":[{"count":11,"href":"http:\/\/www.solvetax-germany.com\/en\/wp-json\/wp\/v2\/pages\/831\/revisions"}],"predecessor-version":[{"id":1598,"href":"http:\/\/www.solvetax-germany.com\/en\/wp-json\/wp\/v2\/pages\/831\/revisions\/1598"}],"up":[{"embeddable":true,"href":"http:\/\/www.solvetax-germany.com\/en\/wp-json\/wp\/v2\/pages\/809"}],"wp:attachment":[{"href":"http:\/\/www.solvetax-germany.com\/en\/wp-json\/wp\/v2\/media?parent=831"}],"curies":[{"name":"wp","href":"https:\/\/api.w.org\/{rel}","templated":true}]}}