{"id":710,"date":"2022-07-24T13:51:09","date_gmt":"2022-07-24T13:51:09","guid":{"rendered":"https:\/\/www.solvetax-germany.com\/?page_id=710"},"modified":"2022-12-27T21:44:54","modified_gmt":"2022-12-27T19:44:54","slug":"leistungen-2","status":"publish","type":"page","link":"https:\/\/www.solvetax-germany.com\/de\/leistungen-2\/","title":{"rendered":"Leistungen"},"content":{"rendered":"\n<div class=\"wp-block-cover alignfull\" style=\"min-height:389px;aspect-ratio:unset;\"><span aria-hidden=\"true\" class=\"wp-block-cover__background has-background-dim-0 has-background-dim\"><\/span><img fetchpriority=\"high\" decoding=\"async\" width=\"1920\" height=\"1280\" class=\"wp-block-cover__image-background wp-image-1518\" alt=\"\" src=\"https:\/\/www.solvetax-germany.com\/wp-content\/uploads\/2022\/12\/landscape-g1c1ea8c33_1920.jpg\" style=\"object-position:51% 44%\" data-object-fit=\"cover\" data-object-position=\"51% 44%\" srcset=\"https:\/\/www.solvetax-germany.com\/wp-content\/uploads\/2022\/12\/landscape-g1c1ea8c33_1920.jpg 1920w, https:\/\/www.solvetax-germany.com\/wp-content\/uploads\/2022\/12\/landscape-g1c1ea8c33_1920-300x200.jpg 300w, https:\/\/www.solvetax-germany.com\/wp-content\/uploads\/2022\/12\/landscape-g1c1ea8c33_1920-1024x683.jpg 1024w, https:\/\/www.solvetax-germany.com\/wp-content\/uploads\/2022\/12\/landscape-g1c1ea8c33_1920-768x512.jpg 768w, https:\/\/www.solvetax-germany.com\/wp-content\/uploads\/2022\/12\/landscape-g1c1ea8c33_1920-1536x1024.jpg 1536w, https:\/\/www.solvetax-germany.com\/wp-content\/uploads\/2022\/12\/landscape-g1c1ea8c33_1920-18x12.jpg 18w, https:\/\/www.solvetax-germany.com\/wp-content\/uploads\/2022\/12\/landscape-g1c1ea8c33_1920-930x620.jpg 930w\" sizes=\"(max-width: 1920px) 100vw, 1920px\" \/><div class=\"wp-block-cover__inner-container is-layout-flow wp-block-cover-is-layout-flow\">\n<div style=\"height:20px\" aria-hidden=\"true\" class=\"wp-block-spacer\"><\/div>\n\n\n\n<h1 class=\"has-text-align-center has-text-color wp-block-heading\" style=\"color:#121212;font-size:23px\"><\/h1>\n\n\n\n<p class=\"has-text-align-center has-text-color\" style=\"color:#121212;font-size:17px\"><\/p>\n\n\n\n<div class=\"wp-block-buttons is-horizontal is-content-justification-center is-layout-flex wp-container-core-buttons-is-layout-499968f5 wp-block-buttons-is-layout-flex\"><\/div>\n\n\n\n<div style=\"height:49px\" aria-hidden=\"true\" class=\"wp-block-spacer\"><\/div>\n<\/div><\/div>\n\n\n\n<div style=\"height:46px\" aria-hidden=\"true\" class=\"wp-block-spacer\"><\/div>\n\n\n\n<h2 class=\"wp-block-heading\">Leistungen<\/h2>\n\n\n\n<div style=\"height:0px\" aria-hidden=\"true\" class=\"wp-block-spacer\"><\/div>\n\n\n\n<div class=\"wp-block-cover alignfull\" style=\"min-height:600px;aspect-ratio:unset;\"><span aria-hidden=\"true\" class=\"wp-block-cover__background has-nv-light-bg-background-color has-background-dim-100 has-background-dim\"><\/span><div class=\"wp-block-cover__inner-container is-layout-flow wp-block-cover-is-layout-flow\">\n<div class=\"wp-block-group\"><div class=\"wp-block-group__inner-container is-layout-flow wp-block-group-is-layout-flow\">\n<div style=\"height:15px\" aria-hidden=\"true\" class=\"wp-block-spacer\"><\/div>\n\n\n\n<h3 class=\"has-black-color has-text-color wp-block-heading\">Ganzheitliche Beratung als Aufgabe<\/h3>\n\n\n\n<div class=\"wp-block-columns is-layout-flex wp-container-core-columns-is-layout-9d6595d7 wp-block-columns-is-layout-flex\">\n<div class=\"wp-block-column is-layout-flow wp-block-column-is-layout-flow\">\n<p class=\"has-nv-dark-bg-color has-text-color\" align=\"justify\">Steueroptimierung ist eine Selbstverst\u00e4ndlichkeit f\u00fcr die SolveTax, aber nur einer von vielen Bausteinen bei dem Focus auf die Mehrung und den Schutz des erarbeiteten Verm\u00f6gens.<\/p>\n\n\n\n<p class=\"has-black-color has-text-color\" align=\"justify\">Wesentliche Grundlage f\u00fcr das stetige Wachstum an zufriedenen Mandanten ist die Kombination aus langj\u00e4hriger Erfahrung, aus Kompetenz und aus einem hohen Qualit\u00e4tsniveau. Neben individuell mit dem Mandanten vereinbarten Zielen steht generell die ganzheitliche Betreuung des Mandanten durch die SolveTax im Vordergrund.<\/p>\n\n\n\n<div id=\"mym-insert-here-130496\"><\/div>\n<script src=\"https:\/\/www.datev-mymarketing.de\/onlineMedia\/code.js?ids=130496\"><\/script>\n<\/div>\n\n\n\n<div class=\"wp-block-column is-layout-flow wp-block-column-is-layout-flow\">\n<p class=\"has-black-color has-text-color\" align=\"justify\">\u201eGanzheitlich\u201c im Beratungskonzept bedeutet insbesondere, dass im Focus die Erhaltung und Mehrung des Verm\u00f6gens steht, und zwar immer unter der ma\u00dfgeblichen Einbeziehung der langfristigen Unternehmensstrategie bzw. der pers\u00f6nlichen Lebensplanung des Mandanten.<\/p>\n\n\n\n<p class=\"has-black-color has-text-color\" align=\"justify\">Hierf\u00fcr spielt die Minimierung der Steuerlast eine ganz wesentliche, aber bei weitem nicht die alleinige Rolle. Denn hohe Anforderungen sind besonders an das unternehmerische wie auch an das private Risk Management zu stellen, um so die mittel- und langfristigen Ziele des Unternehmens- und Verm\u00f6gensaufbaus zu erreichen.<\/p>\n\n\n\n<p class=\"has-black-color has-text-color\" align=\"justify\">Die SolveTax verf\u00fcgt \u00fcber herausragende Expertise auf dem Gebiet der nationalen und grenz\u00fcberschreitenden Steuerrechtsberatung, insbesondere die Beratung f\u00fcr Investoren, Existenzgr\u00fcnder und Unternehmen.<\/p>\n<p class=\"has-black-color has-text-color\" align=\"justify\">Als Berater haben wir Ihre pers\u00f6nlichen und unternehmerischen Verh\u00e4ltnisse immer im Blick und unterst\u00fctzen Sie ebenfalls beim Thema Absicherung und Altersvorsorge. Neben unserer Expertise k\u00f6nnen wir au\u00dferdem auf ein Netzwerk ausgewiesener Experten zur\u00fcckgreifen um Ihnen die optimale Unterst\u00fctzung zukommen zu lassen.<\/p>\n<\/div>\n<\/div>\n\n\n\n<div class=\"wp-block-columns is-layout-flex wp-container-core-columns-is-layout-9d6595d7 wp-block-columns-is-layout-flex\">\n<div class=\"wp-block-column is-layout-flow wp-block-column-is-layout-flow\" style=\"flex-basis:100%\"><\/div>\n<\/div>\n\n\n\n<div style=\"height:15px\" aria-hidden=\"true\" class=\"wp-block-spacer\"><\/div>\n<\/div><\/div>\n<\/div><\/div>\n\n\n\n<div class=\"wp-block-cover alignfull\" style=\"min-height:600px;aspect-ratio:unset;\"><span aria-hidden=\"true\" class=\"wp-block-cover__background has-nv-dark-bg-background-color has-background-dim-100 has-background-dim\"><\/span><div class=\"wp-block-cover__inner-container is-layout-flow wp-block-cover-is-layout-flow\">\n<div class=\"wp-block-group\"><div class=\"wp-block-group__inner-container is-layout-flow wp-block-group-is-layout-flow\">\n<div style=\"height:15px\" aria-hidden=\"true\" class=\"wp-block-spacer\"><\/div>\n\n\n\n<div class=\"wp-block-columns is-layout-flex wp-container-core-columns-is-layout-9d6595d7 wp-block-columns-is-layout-flex\">\n<div class=\"wp-block-column is-layout-flow wp-block-column-is-layout-flow\">\n<figure class=\"wp-block-gallery has-nested-images columns-default is-cropped wp-block-gallery-1 is-layout-flex wp-block-gallery-is-layout-flex\">\n<figure class=\"wp-block-image size-large\"><a href=\"https:\/\/www.solvetax-germany.com\/?page_id=778\"><img decoding=\"async\" width=\"640\" height=\"421\" data-id=\"711\" src=\"https:\/\/www.solvetax-germany.com\/wp-content\/uploads\/2022\/07\/Startup.jpg\" alt=\"\" class=\"wp-image-711\" srcset=\"https:\/\/www.solvetax-germany.com\/wp-content\/uploads\/2022\/07\/Startup.jpg 640w, https:\/\/www.solvetax-germany.com\/wp-content\/uploads\/2022\/07\/Startup-300x197.jpg 300w\" sizes=\"(max-width: 640px) 100vw, 640px\" \/><\/a><\/figure>\n<\/figure>\n<\/div>\n\n\n\n<div class=\"wp-block-column is-layout-flow wp-block-column-is-layout-flow\">\n<figure class=\"wp-block-image size-full\"><a href=\"https:\/\/www.solvetax-germany.com\/?page_id=793\"><img decoding=\"async\" width=\"640\" height=\"426\" src=\"https:\/\/www.solvetax-germany.com\/wp-content\/uploads\/2022\/07\/Buchhaltung.jpg\" alt=\"\" class=\"wp-image-712\" srcset=\"https:\/\/www.solvetax-germany.com\/wp-content\/uploads\/2022\/07\/Buchhaltung.jpg 640w, https:\/\/www.solvetax-germany.com\/wp-content\/uploads\/2022\/07\/Buchhaltung-300x200.jpg 300w\" sizes=\"(max-width: 640px) 100vw, 640px\" \/><\/a><\/figure>\n<\/div>\n\n\n\n<div class=\"wp-block-column is-layout-flow wp-block-column-is-layout-flow\">\n<figure class=\"wp-block-image size-large\"><a href=\"https:\/\/www.solvetax-germany.com\/?page_id=795\"><img loading=\"lazy\" decoding=\"async\" width=\"1024\" height=\"576\" src=\"https:\/\/www.solvetax-germany.com\/wp-content\/uploads\/2022\/07\/Planung-Gestaltung-1024x576.jpg\" alt=\"\" class=\"wp-image-716\" srcset=\"https:\/\/www.solvetax-germany.com\/wp-content\/uploads\/2022\/07\/Planung-Gestaltung-1024x576.jpg 1024w, https:\/\/www.solvetax-germany.com\/wp-content\/uploads\/2022\/07\/Planung-Gestaltung-300x169.jpg 300w, https:\/\/www.solvetax-germany.com\/wp-content\/uploads\/2022\/07\/Planung-Gestaltung-768x432.jpg 768w, https:\/\/www.solvetax-germany.com\/wp-content\/uploads\/2022\/07\/Planung-Gestaltung-1536x864.jpg 1536w, https:\/\/www.solvetax-germany.com\/wp-content\/uploads\/2022\/07\/Planung-Gestaltung-2048x1152.jpg 2048w\" sizes=\"(max-width: 1024px) 100vw, 1024px\" \/><\/a><\/figure>\n<\/div>\n<\/div>\n\n\n\n<div class=\"wp-block-columns is-layout-flex wp-container-core-columns-is-layout-9d6595d7 wp-block-columns-is-layout-flex\">\n<div class=\"wp-block-column is-layout-flow wp-block-column-is-layout-flow\">\n<p class=\"has-text-align-center\" style=\"font-size:25px\"><strong>Existenzgr\u00fcndung<\/strong><\/p>\n<\/div>\n\n\n\n<div class=\"wp-block-column is-layout-flow wp-block-column-is-layout-flow\">\n<p class=\"has-text-align-center\" style=\"font-size:25px\"><strong>Rechnungswesen<\/strong><\/p>\n<\/div>\n\n\n\n<div class=\"wp-block-column is-layout-flow wp-block-column-is-layout-flow\">\n<p style=\"font-size:25px\">(<strong>Steuer-)Gestaltungsberatung<\/strong><\/p>\n<\/div>\n<\/div>\n\n\n\n<div class=\"wp-block-columns is-layout-flex wp-container-core-columns-is-layout-9d6595d7 wp-block-columns-is-layout-flex\">\n<div class=\"wp-block-column is-layout-flow wp-block-column-is-layout-flow\">\n<figure class=\"wp-block-gallery has-nested-images columns-default is-cropped wp-block-gallery-2 is-layout-flex wp-block-gallery-is-layout-flex\">\n<figure class=\"wp-block-image size-large\"><a href=\"https:\/\/www.solvetax-germany.com\/?page_id=798\"><img loading=\"lazy\" decoding=\"async\" width=\"640\" height=\"426\" data-id=\"714\" src=\"https:\/\/www.solvetax-germany.com\/wp-content\/uploads\/2022\/07\/Unternehmensberatung.jpg\" alt=\"\" class=\"wp-image-714\" srcset=\"https:\/\/www.solvetax-germany.com\/wp-content\/uploads\/2022\/07\/Unternehmensberatung.jpg 640w, https:\/\/www.solvetax-germany.com\/wp-content\/uploads\/2022\/07\/Unternehmensberatung-300x200.jpg 300w\" sizes=\"(max-width: 640px) 100vw, 640px\" \/><\/a><\/figure>\n<\/figure>\n<\/div>\n\n\n\n<div class=\"wp-block-column is-layout-flow wp-block-column-is-layout-flow\">\n<figure class=\"wp-block-image size-large\"><a href=\"https:\/\/www.solvetax-germany.com\/?page_id=801\"><img loading=\"lazy\" decoding=\"async\" width=\"1024\" height=\"683\" src=\"https:\/\/www.solvetax-germany.com\/wp-content\/uploads\/2022\/07\/VErmoegensberatung-1024x683.jpg\" alt=\"\" class=\"wp-image-713\" srcset=\"https:\/\/www.solvetax-germany.com\/wp-content\/uploads\/2022\/07\/VErmoegensberatung-1024x683.jpg 1024w, https:\/\/www.solvetax-germany.com\/wp-content\/uploads\/2022\/07\/VErmoegensberatung-300x200.jpg 300w, https:\/\/www.solvetax-germany.com\/wp-content\/uploads\/2022\/07\/VErmoegensberatung-768x512.jpg 768w, https:\/\/www.solvetax-germany.com\/wp-content\/uploads\/2022\/07\/VErmoegensberatung-1536x1024.jpg 1536w, https:\/\/www.solvetax-germany.com\/wp-content\/uploads\/2022\/07\/VErmoegensberatung-2048x1365.jpg 2048w, https:\/\/www.solvetax-germany.com\/wp-content\/uploads\/2022\/07\/VErmoegensberatung-930x620.jpg 930w\" sizes=\"(max-width: 1024px) 100vw, 1024px\" \/><\/a><\/figure>\n<\/div>\n\n\n\n<div class=\"wp-block-column is-layout-flow wp-block-column-is-layout-flow\">\n<figure class=\"wp-block-image size-large\"><a href=\"https:\/\/www.solvetax-germany.com\/?page_id=789\"><img loading=\"lazy\" decoding=\"async\" width=\"1024\" height=\"659\" src=\"https:\/\/www.solvetax-germany.com\/wp-content\/uploads\/2022\/07\/International-Kollegial-1024x659.jpg\" alt=\"\" class=\"wp-image-462\" srcset=\"https:\/\/www.solvetax-germany.com\/wp-content\/uploads\/2022\/07\/International-Kollegial-1024x659.jpg 1024w, https:\/\/www.solvetax-germany.com\/wp-content\/uploads\/2022\/07\/International-Kollegial-300x193.jpg 300w, https:\/\/www.solvetax-germany.com\/wp-content\/uploads\/2022\/07\/International-Kollegial-768x494.jpg 768w, https:\/\/www.solvetax-germany.com\/wp-content\/uploads\/2022\/07\/International-Kollegial-1536x989.jpg 1536w, https:\/\/www.solvetax-germany.com\/wp-content\/uploads\/2022\/07\/International-Kollegial.jpg 1920w\" sizes=\"(max-width: 1024px) 100vw, 1024px\" \/><\/a><\/figure>\n<\/div>\n<\/div>\n\n\n\n<div class=\"wp-block-columns is-layout-flex wp-container-core-columns-is-layout-9d6595d7 wp-block-columns-is-layout-flex\">\n<div class=\"wp-block-column is-layout-flow wp-block-column-is-layout-flow\">\n<p class=\"has-text-align-center\" style=\"font-size:25px\"><strong>Unternehmensberatung<\/strong><\/p>\n<\/div>\n\n\n\n<div class=\"wp-block-column is-layout-flow wp-block-column-is-layout-flow\">\n<p class=\"has-text-align-center\" style=\"font-size:25px\"><strong>Verm\u00f6gens-\/Finanzplanung<\/strong><\/p>\n<\/div>\n\n\n\n<div class=\"wp-block-column is-layout-flow wp-block-column-is-layout-flow\">\n<p class=\"has-text-align-center\" style=\"font-size:25px\"><strong>Unterst\u00fctzung Berufskollegen<\/strong><\/p>\n<\/div>\n<\/div>\n\n\n\n<div style=\"height:15px\" aria-hidden=\"true\" class=\"wp-block-spacer\"><\/div>\n<\/div><\/div>\n<\/div><\/div>\n\n\n\n<div class=\"wp-block-cover alignfull\" style=\"min-height:300px;aspect-ratio:unset;\"><span aria-hidden=\"true\" class=\"wp-block-cover__background has-nv-text-dark-bg-background-color has-background-dim-100 has-background-dim\"><\/span><div class=\"wp-block-cover__inner-container is-layout-flow wp-block-cover-is-layout-flow\">\n<div style=\"height:15px\" aria-hidden=\"true\" class=\"wp-block-spacer\"><\/div>\n\n\n\n<h2 class=\"has-text-align-center has-black-color has-white-background-color has-text-color has-background wp-block-heading\">Wir freuen uns auf Ihre Anfrage<\/h2>\n\n\n\n<p class=\"has-text-align-center has-black-color has-text-color\">F\u00fcllen Sie unser Kontaktformular zu einem Erstgespr\u00e4ch aus und lassen Sie sich von uns \u00fcberzeugen<\/p>\n\n\n\n<div class=\"wp-block-buttons is-horizontal is-content-justification-center is-layout-flex wp-container-core-buttons-is-layout-499968f5 wp-block-buttons-is-layout-flex\">\n<div class=\"wp-block-button is-style-primary\"><a class=\"wp-block-button__link wp-element-button\" href=\"https:\/\/www.solvetax-germany.com\/?page_id=354\">Termin vereinbaren<\/a><\/div>\n<\/div>\n\n\n\n<div style=\"height:15px\" aria-hidden=\"true\" class=\"wp-block-spacer\"><\/div>\n<\/div><\/div>\n","protected":false},"excerpt":{"rendered":"<p>Leistungen<\/p>\n","protected":false},"author":1,"featured_media":0,"parent":0,"menu_order":1,"comment_status":"closed","ping_status":"closed","template":"","meta":{"neve_meta_sidebar":"default","neve_meta_container":"default","neve_meta_enable_content_width":"on","neve_meta_content_width":100,"neve_meta_title_alignment":"","neve_meta_author_avatar":"","neve_post_elements_order":"","neve_meta_disable_header":"","neve_meta_disable_footer":"","neve_meta_disable_title":"on","footnotes":""},"class_list":["post-710","page","type-page","status-publish","hentry"],"_links":{"self":[{"href":"https:\/\/www.solvetax-germany.com\/de\/wp-json\/wp\/v2\/pages\/710","targetHints":{"allow":["GET"]}}],"collection":[{"href":"https:\/\/www.solvetax-germany.com\/de\/wp-json\/wp\/v2\/pages"}],"about":[{"href":"https:\/\/www.solvetax-germany.com\/de\/wp-json\/wp\/v2\/types\/page"}],"author":[{"embeddable":true,"href":"https:\/\/www.solvetax-germany.com\/de\/wp-json\/wp\/v2\/users\/1"}],"replies":[{"embeddable":true,"href":"https:\/\/www.solvetax-germany.com\/de\/wp-json\/wp\/v2\/comments?post=710"}],"version-history":[{"count":8,"href":"https:\/\/www.solvetax-germany.com\/de\/wp-json\/wp\/v2\/pages\/710\/revisions"}],"predecessor-version":[{"id":1522,"href":"https:\/\/www.solvetax-germany.com\/de\/wp-json\/wp\/v2\/pages\/710\/revisions\/1522"}],"wp:attachment":[{"href":"https:\/\/www.solvetax-germany.com\/de\/wp-json\/wp\/v2\/media?parent=710"}],"curies":[{"name":"wp","href":"https:\/\/api.w.org\/{rel}","templated":true}]}}