{"id":841,"date":"2022-07-31T14:00:02","date_gmt":"2022-07-31T14:00:02","guid":{"rendered":"https:\/\/www.solvetax-germany.com\/?page_id=841"},"modified":"2022-12-28T15:08:53","modified_gmt":"2022-12-28T13:08:53","slug":"digitale-steuerberatung","status":"publish","type":"page","link":"https:\/\/www.solvetax-germany.com\/de\/digitale-steuerberatung\/","title":{"rendered":"Digitale Steuerberatung"},"content":{"rendered":"\n<div class=\"wp-block-cover alignfull\" style=\"min-height:389px;aspect-ratio:unset;\"><span aria-hidden=\"true\" class=\"wp-block-cover__background has-background-dim-0 has-background-dim\"><\/span><img fetchpriority=\"high\" decoding=\"async\" width=\"1920\" height=\"1080\" class=\"wp-block-cover__image-background wp-image-1618\" alt=\"\" src=\"https:\/\/www.solvetax-germany.com\/wp-content\/uploads\/2022\/12\/japan-g7d380c4d3_1920.jpg\" style=\"object-position:53% 26%\" data-object-fit=\"cover\" data-object-position=\"53% 26%\" srcset=\"https:\/\/www.solvetax-germany.com\/wp-content\/uploads\/2022\/12\/japan-g7d380c4d3_1920.jpg 1920w, https:\/\/www.solvetax-germany.com\/wp-content\/uploads\/2022\/12\/japan-g7d380c4d3_1920-300x169.jpg 300w, https:\/\/www.solvetax-germany.com\/wp-content\/uploads\/2022\/12\/japan-g7d380c4d3_1920-1024x576.jpg 1024w, https:\/\/www.solvetax-germany.com\/wp-content\/uploads\/2022\/12\/japan-g7d380c4d3_1920-768x432.jpg 768w, https:\/\/www.solvetax-germany.com\/wp-content\/uploads\/2022\/12\/japan-g7d380c4d3_1920-1536x864.jpg 1536w, https:\/\/www.solvetax-germany.com\/wp-content\/uploads\/2022\/12\/japan-g7d380c4d3_1920-18x10.jpg 18w\" sizes=\"(max-width: 1920px) 100vw, 1920px\" \/><div class=\"wp-block-cover__inner-container is-layout-flow wp-block-cover-is-layout-flow\">\n<div style=\"height:20px\" aria-hidden=\"true\" class=\"wp-block-spacer\"><\/div>\n\n\n\n<h1 class=\"has-text-align-center has-text-color wp-block-heading\" style=\"color:#121212;font-size:23px\"><\/h1>\n\n\n\n<p class=\"has-text-align-center has-text-color\" style=\"color:#121212;font-size:17px\"><\/p>\n\n\n\n<div class=\"wp-block-buttons is-horizontal is-content-justification-center is-layout-flex wp-container-core-buttons-is-layout-499968f5 wp-block-buttons-is-layout-flex\"><\/div>\n\n\n\n<div style=\"height:49px\" aria-hidden=\"true\" class=\"wp-block-spacer\"><\/div>\n<\/div><\/div>\n\n\n\n<div style=\"height:46px\" aria-hidden=\"true\" class=\"wp-block-spacer\"><\/div>\n\n\n\n<h2 class=\"wp-block-heading\"><strong>Prozesse digitalisieren<\/strong><\/h2>\n\n\n\n<div style=\"height:0px\" aria-hidden=\"true\" class=\"wp-block-spacer\"><\/div>\n\n\n\n<div class=\"wp-block-cover alignfull\" style=\"min-height:600px;aspect-ratio:unset;\"><span aria-hidden=\"true\" class=\"wp-block-cover__background has-nv-light-bg-background-color has-background-dim-100 has-background-dim\"><\/span><div class=\"wp-block-cover__inner-container is-layout-flow wp-block-cover-is-layout-flow\">\n<div class=\"wp-block-group\"><div class=\"wp-block-group__inner-container is-layout-flow wp-block-group-is-layout-flow\">\n<div style=\"height:15px\" aria-hidden=\"true\" class=\"wp-block-spacer\"><\/div>\n\n\n\n<p class=\"has-black-color has-text-color\" align=\"justify\">Eine digitale Zusammenarbeit zwischen Ihnen als Mandant und unserer Steuerkanzlei reduziert administrative T\u00e4tigkeiten in Ihrem Unternehmen und stellt die effizienteste M\u00f6glichkeit des Datenaustauschs dar. Unsere Kanzlei hat sich insbesondere darauf spezialisiert, Prozesse bei Mandanten, in der Kanzlei und in der Zusammenarbeit zu automatisieren und zu digitalisieren. Die Zusammenarbeit erfolgt weltweit \u00fcber unser Online-Steuerb\u00fcro &#8211; schnell und unkompliziert. Dank des digitalen Informations- und Beleg-Austausches und der digitalen Kommunikation ist es f\u00fcr Sie nicht notwendig, uns in einer unserer Kanzleien zu besuchen. Wir arbeiten zu 100 % ortsunabh\u00e4ngig und digital. Sei es w\u00e4hrend dem Urlaub auf Bali, der Gesch\u00e4ftsreise in Z\u00fcrich, dem Aufenthalt im Zweitwohnsitz wie Salzburg oder wenn Sie als digitaler Normade unterwegs sind.<\/p>\n\n\n\n<p class=\"has-black-color has-text-color\" align=\"justify\">Hierbei unterst\u00fctzen und beraten Sie auch gerne bei der Schaffung der Infrastruktur f\u00fcr die digitale Zusammenarbeit. Wir greifen f\u00fcr die t\u00e4glich Arbeit auf Microsoft 365 Business zur\u00fcck, wor\u00fcber wir mit Ihnen datenschutztkonform kommunizieren k\u00f6nnen. Au\u00dferdem k\u00f6nnen wir Ihnen mit dem Messenger-Dienst Telegram zeitnah R\u00fcckfragen beantworten.<\/p>\n\n\n\n<div class=\"wp-block-columns is-layout-flex wp-container-core-columns-is-layout-9d6595d7 wp-block-columns-is-layout-flex\">\n<div class=\"wp-block-column is-layout-flow wp-block-column-is-layout-flow\" style=\"flex-basis:100%\">\n<div class=\"wp-block-columns is-layout-flex wp-container-core-columns-is-layout-9d6595d7 wp-block-columns-is-layout-flex\">\n<div class=\"wp-block-column is-layout-flow wp-block-column-is-layout-flow\">\n<figure class=\"wp-block-image size-large\"><img decoding=\"async\" width=\"683\" height=\"1024\" src=\"https:\/\/www.solvetax-germany.com\/wp-content\/uploads\/2022\/07\/pexels-mizuno-k-12911784-683x1024.jpg\" alt=\"\" class=\"wp-image-842\" srcset=\"https:\/\/www.solvetax-germany.com\/wp-content\/uploads\/2022\/07\/pexels-mizuno-k-12911784-683x1024.jpg 683w, https:\/\/www.solvetax-germany.com\/wp-content\/uploads\/2022\/07\/pexels-mizuno-k-12911784-200x300.jpg 200w, https:\/\/www.solvetax-germany.com\/wp-content\/uploads\/2022\/07\/pexels-mizuno-k-12911784-768x1152.jpg 768w, https:\/\/www.solvetax-germany.com\/wp-content\/uploads\/2022\/07\/pexels-mizuno-k-12911784-1024x1536.jpg 1024w, https:\/\/www.solvetax-germany.com\/wp-content\/uploads\/2022\/07\/pexels-mizuno-k-12911784-1365x2048.jpg 1365w, https:\/\/www.solvetax-germany.com\/wp-content\/uploads\/2022\/07\/pexels-mizuno-k-12911784-scaled.jpg 1707w\" sizes=\"(max-width: 683px) 100vw, 683px\" \/><\/figure>\n<\/div>\n\n\n\n<div class=\"wp-block-column is-layout-flow wp-block-column-is-layout-flow\">\n<p class=\"has-nv-dark-bg-color has-text-color\"><\/p>\n\n\n\n<p class=\"has-nv-dark-bg-color has-text-color\">In unserer Kanzlei profitieren Mandanten insbesondere von nachfolgenden Leistungen f\u00fcr unternehmerische Zwecke:<\/p>\n\n\n\n<ul class=\"has-nv-dark-bg-color has-text-color wp-block-list\">\n<li>Einsatz von <strong><a rel=\"noreferrer noopener\" href=\"https:\/\/www.datev.de\/web\/de\/loesungen\/steuerberater\/klassisches-kanzleigeschaeft\/belege-und-daten-digital-in-die-kanzlei-uebertragen\/datev-unternehmen-online\/\" target=\"_blank\">DATEV Unternehmen Online<\/a><\/strong> und DATEV Connect zum sicheren Datenaustausch.<\/li>\n\n\n\n<li>Nutzung von <strong>Schnittstellen<\/strong> aus bestehenden ERP-Programmen (z.B. sevDesk, Lexoffice, FastBill, EasyBill, Billbee, Billomat, WISO, Debitoor).<\/li>\n\n\n\n<li>Vorbereitung der <strong>elektronischen \u00dcberweisungstr\u00e4ger<\/strong> f\u00fcr Lieferantenrechnungen mittels unserer OCR-Software.<\/li>\n\n\n\n<li>Vollst\u00e4ndige <strong>elektronische Kommunikation<\/strong> (auf Wunsch nat\u00fcrlich auch verschl\u00fcsselt).<\/li>\n\n\n\n<li><strong>Digitale Vorerfassung von Lohnstammdaten<\/strong> und Bewegungsdaten sowie Vorbereitung der elektronischen \u00dcberweisungstr\u00e4ger f\u00fcr Lohnabrechnungen.<\/li>\n\n\n\n<li>Elektronische \u00dcbermittlung der <a href=\"https:\/\/www.juhn.com\/fachwissen\/digitale-steuerberatung\/datev-unternehmen-online-controllingreport-fuer-unternehmer\/\" target=\"_blank\" rel=\"noopener\"><strong>Auswertungspakete<\/strong><\/a>.<\/li>\n\n\n\n<li><strong><a href=\"https:\/\/www.datev.de\/ano\/\" target=\"_blank\" rel=\"noopener\">Digitale Bereitstellung der Lohnabrechnungen<\/a><\/strong> an die Mitarbeiter<\/li>\n\n\n\n<li><strong>Elektronische Verbuchung aller Bankdaten<\/strong> per HBCI, EBICS und Rechenzentrum.<\/li>\n\n\n\n<li>Schnittstellen zu <strong>Fremdanbietern<\/strong> wie Amazon, Ebay, PayPal.<\/li>\n\n\n\n<li><strong>Migration<\/strong> von fremden ERP-Systemen in DATEV (z.B. von SAP, Navision, ProAlpha).<\/li>\n\n\n\n<li>Bereitstellung einer revisionssicheren <strong><a rel=\"noreferrer noopener\" href=\"https:\/\/vimcar.de\/\" target=\"_blank\">Fahrtenbuchsoftware <\/a><\/strong>durch Anbieter Vimcar<\/li>\n<\/ul>\n<\/div>\n<\/div>\n<\/div>\n<\/div>\n\n\n\n<p class=\"has-nv-dark-bg-color has-text-color\">Des Weiteren bieten wir f\u00fcr unseren Einkommensteuermandaten sowie f\u00fcr Immobilien-Investoren folgende Leistungen an:<\/p>\n\n\n\n<ul class=\"has-nv-dark-bg-color has-text-color wp-block-list\">\n<li>Einsatz von <strong><a rel=\"noreferrer noopener\" href=\"https:\/\/www.datev.de\/web\/de\/loesungen\/steuerberater\/klassisches-kanzleigeschaeft\/dokumente-und-daten-digital-an-kanzlei-uebertragen\/datev-meine-steuern\/\" target=\"_blank\">DATEV Meine Steuern<\/a><\/strong> zum sicheren Datenaustausch im Zusammenhang mit Ihrer Einkommensteuererkl\u00e4rung.<\/li>\n\n\n\n<li>Bereitstellung eine Verwaltungssoftware mit unserem Kooperationspartner <strong><a rel=\"noreferrer noopener\" href=\"https:\/\/www.immocloud.de\/\" target=\"_blank\">Immocloud<\/a><\/strong>.<\/li>\n<\/ul>\n\n\n\n<div style=\"height:15px\" aria-hidden=\"true\" class=\"wp-block-spacer\"><\/div>\n<\/div><\/div>\n<\/div><\/div>\n\n\n\n<div class=\"wp-block-cover alignfull\" style=\"min-height:600px;aspect-ratio:unset;\"><span aria-hidden=\"true\" class=\"wp-block-cover__background has-nv-dark-bg-background-color has-background-dim-100 has-background-dim\"><\/span><div class=\"wp-block-cover__inner-container is-layout-flow wp-block-cover-is-layout-flow\">\n<div class=\"wp-block-group\"><div class=\"wp-block-group__inner-container is-layout-flow wp-block-group-is-layout-flow\">\n<div style=\"height:15px\" aria-hidden=\"true\" class=\"wp-block-spacer\"><\/div>\n\n\n\n<div class=\"wp-block-columns is-layout-flex wp-container-core-columns-is-layout-9d6595d7 wp-block-columns-is-layout-flex\">\n<div class=\"wp-block-column is-layout-flow wp-block-column-is-layout-flow\">\n<figure class=\"wp-block-gallery has-nested-images columns-default is-cropped wp-block-gallery-1 is-layout-flex wp-block-gallery-is-layout-flex\">\n<figure class=\"wp-block-image size-full\"><a href=\"https:\/\/www.solvetax-germany.com\/?page_id=861\"><img decoding=\"async\" width=\"500\" height=\"500\" data-id=\"845\" src=\"https:\/\/www.solvetax-germany.com\/wp-content\/uploads\/2022\/07\/datev-unternehmeh-online.png\" alt=\"\" class=\"wp-image-845\" srcset=\"https:\/\/www.solvetax-germany.com\/wp-content\/uploads\/2022\/07\/datev-unternehmeh-online.png 500w, https:\/\/www.solvetax-germany.com\/wp-content\/uploads\/2022\/07\/datev-unternehmeh-online-300x300.png 300w, https:\/\/www.solvetax-germany.com\/wp-content\/uploads\/2022\/07\/datev-unternehmeh-online-150x150.png 150w\" sizes=\"(max-width: 500px) 100vw, 500px\" \/><\/a><\/figure>\n<\/figure>\n<\/div>\n\n\n\n<div class=\"wp-block-column is-layout-flow wp-block-column-is-layout-flow\"><div class=\"wp-block-image\">\n<figure class=\"aligncenter size-full\"><a href=\"https:\/\/www.solvetax-germany.com\/?page_id=857\"><img loading=\"lazy\" decoding=\"async\" width=\"340\" height=\"340\" src=\"https:\/\/www.solvetax-germany.com\/wp-content\/uploads\/2022\/07\/datev-arbeitnehmer-online.png\" alt=\"\" class=\"wp-image-846\" srcset=\"https:\/\/www.solvetax-germany.com\/wp-content\/uploads\/2022\/07\/datev-arbeitnehmer-online.png 340w, https:\/\/www.solvetax-germany.com\/wp-content\/uploads\/2022\/07\/datev-arbeitnehmer-online-300x300.png 300w, https:\/\/www.solvetax-germany.com\/wp-content\/uploads\/2022\/07\/datev-arbeitnehmer-online-150x150.png 150w\" sizes=\"(max-width: 340px) 100vw, 340px\" \/><\/a><\/figure>\n<\/div><\/div>\n\n\n\n<div class=\"wp-block-column is-layout-flow wp-block-column-is-layout-flow\">\n<figure class=\"wp-block-image size-full\"><a href=\"https:\/\/www.solvetax-germany.com\/?page_id=850\"><img loading=\"lazy\" decoding=\"async\" width=\"340\" height=\"340\" src=\"https:\/\/www.solvetax-germany.com\/wp-content\/uploads\/2022\/07\/datev-meine-Steuern.png\" alt=\"\" class=\"wp-image-847\" srcset=\"https:\/\/www.solvetax-germany.com\/wp-content\/uploads\/2022\/07\/datev-meine-Steuern.png 340w, https:\/\/www.solvetax-germany.com\/wp-content\/uploads\/2022\/07\/datev-meine-Steuern-300x300.png 300w, https:\/\/www.solvetax-germany.com\/wp-content\/uploads\/2022\/07\/datev-meine-Steuern-150x150.png 150w\" sizes=\"(max-width: 340px) 100vw, 340px\" \/><\/a><\/figure>\n<\/div>\n<\/div>\n\n\n\n<div class=\"wp-block-columns is-layout-flex wp-container-core-columns-is-layout-9d6595d7 wp-block-columns-is-layout-flex\">\n<div class=\"wp-block-column is-layout-flow wp-block-column-is-layout-flow\">\n<p class=\"has-text-align-center\" style=\"font-size:25px\"><strong>DATEV Unternehmen online<\/strong><\/p>\n<\/div>\n\n\n\n<div class=\"wp-block-column is-layout-flow wp-block-column-is-layout-flow\">\n<p class=\"has-text-align-center\" style=\"font-size:25px\"><strong>DATEV Arbeitnehmer online<\/strong><\/p>\n<\/div>\n\n\n\n<div class=\"wp-block-column is-layout-flow wp-block-column-is-layout-flow\">\n<p class=\"has-text-align-center\" style=\"font-size:25px\"><strong>DATEV Meine Steuern<\/strong><\/p>\n<\/div>\n<\/div>\n\n\n\n<div class=\"wp-block-columns is-layout-flex wp-container-core-columns-is-layout-9d6595d7 wp-block-columns-is-layout-flex\">\n<div class=\"wp-block-column is-layout-flow wp-block-column-is-layout-flow\">\n<figure class=\"wp-block-gallery has-nested-images columns-default is-cropped wp-block-gallery-2 is-layout-flex wp-block-gallery-is-layout-flex\">\n<figure class=\"wp-block-image size-large\"><a href=\"https:\/\/www.solvetax-germany.com\/?page_id=867\"><img loading=\"lazy\" decoding=\"async\" width=\"1024\" height=\"731\" data-id=\"843\" src=\"https:\/\/www.solvetax-germany.com\/wp-content\/uploads\/2022\/07\/vimcar_logo_blau-1024x731.jpeg\" alt=\"\" class=\"wp-image-843\" srcset=\"https:\/\/www.solvetax-germany.com\/wp-content\/uploads\/2022\/07\/vimcar_logo_blau-1024x731.jpeg 1024w, https:\/\/www.solvetax-germany.com\/wp-content\/uploads\/2022\/07\/vimcar_logo_blau-300x214.jpeg 300w, https:\/\/www.solvetax-germany.com\/wp-content\/uploads\/2022\/07\/vimcar_logo_blau-768x549.jpeg 768w, https:\/\/www.solvetax-germany.com\/wp-content\/uploads\/2022\/07\/vimcar_logo_blau-1536x1097.jpeg 1536w, https:\/\/www.solvetax-germany.com\/wp-content\/uploads\/2022\/07\/vimcar_logo_blau-2048x1463.jpeg 2048w\" sizes=\"(max-width: 1024px) 100vw, 1024px\" \/><\/a><\/figure>\n<\/figure>\n<\/div>\n\n\n\n<div class=\"wp-block-column is-layout-flow wp-block-column-is-layout-flow\"><div class=\"wp-block-image\">\n<figure class=\"aligncenter size-full\"><a href=\"https:\/\/www.solvetax-germany.com\/?page_id=865\"><img loading=\"lazy\" decoding=\"async\" width=\"256\" height=\"256\" src=\"https:\/\/www.solvetax-germany.com\/wp-content\/uploads\/2022\/07\/immocloud.jpg\" alt=\"\" class=\"wp-image-844\" srcset=\"https:\/\/www.solvetax-germany.com\/wp-content\/uploads\/2022\/07\/immocloud.jpg 256w, https:\/\/www.solvetax-germany.com\/wp-content\/uploads\/2022\/07\/immocloud-150x150.jpg 150w\" sizes=\"(max-width: 256px) 100vw, 256px\" \/><\/a><\/figure>\n<\/div><\/div>\n\n\n\n<div class=\"wp-block-column is-layout-flow wp-block-column-is-layout-flow\"><\/div>\n<\/div>\n\n\n\n<div class=\"wp-block-columns is-layout-flex wp-container-core-columns-is-layout-9d6595d7 wp-block-columns-is-layout-flex\">\n<div class=\"wp-block-column is-layout-flow wp-block-column-is-layout-flow\">\n<p class=\"has-text-align-center\" style=\"font-size:25px\"><strong>Vimcar<\/strong><\/p>\n<\/div>\n\n\n\n<div class=\"wp-block-column is-layout-flow wp-block-column-is-layout-flow\">\n<p class=\"has-text-align-center\" style=\"font-size:25px\"><strong>Immocloud<\/strong><\/p>\n<\/div>\n\n\n\n<div class=\"wp-block-column is-layout-flow wp-block-column-is-layout-flow\">\n<p class=\"has-text-align-center\" style=\"font-size:25px\"><\/p>\n<\/div>\n<\/div>\n\n\n\n<div style=\"height:15px\" aria-hidden=\"true\" class=\"wp-block-spacer\"><\/div>\n<\/div><\/div>\n<\/div><\/div>\n\n\n\n<div class=\"wp-block-cover alignfull\" style=\"min-height:300px;aspect-ratio:unset;\"><span aria-hidden=\"true\" class=\"wp-block-cover__background has-nv-text-dark-bg-background-color has-background-dim-100 has-background-dim\"><\/span><div class=\"wp-block-cover__inner-container is-layout-flow wp-block-cover-is-layout-flow\">\n<div style=\"height:15px\" aria-hidden=\"true\" class=\"wp-block-spacer\"><\/div>\n\n\n\n<h2 class=\"has-text-align-center has-black-color has-white-background-color has-text-color has-background wp-block-heading\">Kommen Sie mit uns ins digitale Zeitalter<\/h2>\n\n\n\n<p class=\"has-text-align-center has-black-color has-text-color\">F\u00fcllen Sie unser Kontaktformular zu einem Erstgespr\u00e4ch aus und lassen Sie sich von uns \u00fcberzeugen<\/p>\n\n\n\n<div class=\"wp-block-buttons is-horizontal is-content-justification-center is-layout-flex wp-container-core-buttons-is-layout-499968f5 wp-block-buttons-is-layout-flex\">\n<div class=\"wp-block-button is-style-primary\"><a class=\"wp-block-button__link wp-element-button\" href=\"https:\/\/www.solvetax-germany.com\/?page_id=354\">Termin vereinbaren<\/a><\/div>\n<\/div>\n\n\n\n<div style=\"height:15px\" aria-hidden=\"true\" class=\"wp-block-spacer\"><\/div>\n<\/div><\/div>\n","protected":false},"excerpt":{"rendered":"<p>Prozesse digitalisieren<\/p>\n","protected":false},"author":1,"featured_media":0,"parent":0,"menu_order":1,"comment_status":"closed","ping_status":"closed","template":"","meta":{"neve_meta_sidebar":"default","neve_meta_container":"default","neve_meta_enable_content_width":"on","neve_meta_content_width":100,"neve_meta_title_alignment":"","neve_meta_author_avatar":"","neve_post_elements_order":"","neve_meta_disable_header":"","neve_meta_disable_footer":"","neve_meta_disable_title":"on","footnotes":""},"class_list":["post-841","page","type-page","status-publish","hentry"],"_links":{"self":[{"href":"https:\/\/www.solvetax-germany.com\/de\/wp-json\/wp\/v2\/pages\/841","targetHints":{"allow":["GET"]}}],"collection":[{"href":"https:\/\/www.solvetax-germany.com\/de\/wp-json\/wp\/v2\/pages"}],"about":[{"href":"https:\/\/www.solvetax-germany.com\/de\/wp-json\/wp\/v2\/types\/page"}],"author":[{"embeddable":true,"href":"https:\/\/www.solvetax-germany.com\/de\/wp-json\/wp\/v2\/users\/1"}],"replies":[{"embeddable":true,"href":"https:\/\/www.solvetax-germany.com\/de\/wp-json\/wp\/v2\/comments?post=841"}],"version-history":[{"count":10,"href":"https:\/\/www.solvetax-germany.com\/de\/wp-json\/wp\/v2\/pages\/841\/revisions"}],"predecessor-version":[{"id":1620,"href":"https:\/\/www.solvetax-germany.com\/de\/wp-json\/wp\/v2\/pages\/841\/revisions\/1620"}],"wp:attachment":[{"href":"https:\/\/www.solvetax-germany.com\/de\/wp-json\/wp\/v2\/media?parent=841"}],"curies":[{"name":"wp","href":"https:\/\/api.w.org\/{rel}","templated":true}]}}