{"id":861,"date":"2022-08-01T15:58:57","date_gmt":"2022-08-01T15:58:57","guid":{"rendered":"https:\/\/www.solvetax-germany.com\/?page_id=861"},"modified":"2023-02-09T12:38:37","modified_gmt":"2023-02-09T10:38:37","slug":"datev-unternehmen-online","status":"publish","type":"page","link":"https:\/\/www.solvetax-germany.com\/de\/digitale-steuerberatung\/datev-unternehmen-online\/","title":{"rendered":"DATEV Unternehmen online"},"content":{"rendered":"\n<div class=\"wp-block-cover alignfull is-light\" style=\"min-height:389px;aspect-ratio:unset;\"><span aria-hidden=\"true\" class=\"wp-block-cover__background has-background-dim-0 has-background-dim\"><\/span><img fetchpriority=\"high\" decoding=\"async\" width=\"1920\" height=\"1280\" class=\"wp-block-cover__image-background wp-image-1622\" alt=\"\" src=\"https:\/\/www.solvetax-germany.com\/wp-content\/uploads\/2022\/12\/volcano-gaaa2e9515_1920-1.jpg\" style=\"object-position:52% 26%\" data-object-fit=\"cover\" data-object-position=\"52% 26%\" srcset=\"https:\/\/www.solvetax-germany.com\/wp-content\/uploads\/2022\/12\/volcano-gaaa2e9515_1920-1.jpg 1920w, https:\/\/www.solvetax-germany.com\/wp-content\/uploads\/2022\/12\/volcano-gaaa2e9515_1920-1-300x200.jpg 300w, https:\/\/www.solvetax-germany.com\/wp-content\/uploads\/2022\/12\/volcano-gaaa2e9515_1920-1-1024x683.jpg 1024w, https:\/\/www.solvetax-germany.com\/wp-content\/uploads\/2022\/12\/volcano-gaaa2e9515_1920-1-768x512.jpg 768w, https:\/\/www.solvetax-germany.com\/wp-content\/uploads\/2022\/12\/volcano-gaaa2e9515_1920-1-1536x1024.jpg 1536w, https:\/\/www.solvetax-germany.com\/wp-content\/uploads\/2022\/12\/volcano-gaaa2e9515_1920-1-18x12.jpg 18w, https:\/\/www.solvetax-germany.com\/wp-content\/uploads\/2022\/12\/volcano-gaaa2e9515_1920-1-930x620.jpg 930w\" sizes=\"(max-width: 1920px) 100vw, 1920px\" \/><div class=\"wp-block-cover__inner-container is-layout-flow wp-block-cover-is-layout-flow\">\n<div style=\"height:20px\" aria-hidden=\"true\" class=\"wp-block-spacer\"><\/div>\n\n\n\n<h1 class=\"has-text-align-center has-text-color wp-block-heading\" style=\"color:#121212;font-size:23px\"><\/h1>\n\n\n\n<p class=\"has-text-align-center has-text-color\" style=\"color:#121212;font-size:17px\"><\/p>\n\n\n\n<div class=\"wp-block-buttons is-horizontal is-content-justification-center is-layout-flex wp-container-core-buttons-is-layout-499968f5 wp-block-buttons-is-layout-flex\"><\/div>\n\n\n\n<div style=\"height:49px\" aria-hidden=\"true\" class=\"wp-block-spacer\"><\/div>\n<\/div><\/div>\n\n\n\n<div style=\"height:46px\" aria-hidden=\"true\" class=\"wp-block-spacer\"><\/div>\n\n\n\n<h2 class=\"wp-block-heading\">DATEV Unternehmen online<\/h2>\n\n\n\n<div style=\"height:0px\" aria-hidden=\"true\" class=\"wp-block-spacer\"><\/div>\n\n\n\n<div class=\"wp-block-cover alignfull\" style=\"min-height:600px;aspect-ratio:unset;\"><span aria-hidden=\"true\" class=\"wp-block-cover__background has-nv-light-bg-background-color has-background-dim-100 has-background-dim\"><\/span><div class=\"wp-block-cover__inner-container is-layout-flow wp-block-cover-is-layout-flow\">\n<div class=\"wp-block-group\"><div class=\"wp-block-group__inner-container is-layout-flow wp-block-group-is-layout-flow\">\n<div style=\"height:15px\" aria-hidden=\"true\" class=\"wp-block-spacer\"><\/div>\n\n\n\n<p class=\"has-black-color has-text-color\" align=\"justify\">Die Cloud-Anwendung DATEV Unternehmen online bietet Ihnen die M\u00f6glichkeit, durch digitale Prozesse die Arbeit in Ihrem Unternehmen zu optimieren und den Daten und Belegaustausch mit uns als Steuerberater zu erleichtern.&nbsp;<\/p>\n\n\n\n<p class=\"has-nv-dark-bg-color has-text-color\"><strong>Die Vorteile f\u00fcr Ihr Unternehmen<\/strong><\/p>\n\n\n\n<p class=\"has-nv-dark-bg-color has-text-color\"><strong>Schnelle und einfache Prozesse<\/strong><\/p>\n\n\n\n<p class=\"has-black-color has-text-color\" align=\"justify\">Bezahlen Sie schnell und sicher mit vorausgef\u00fcllten Zahlungstr\u00e4gern. Erledigen Sie Zahlungen auf Basis der digitalen Belege und geben Sie die Lohnzahlungen frei. Lassen Sie die Kontoausz\u00fcge automatisiert pr\u00fcfen. F\u00fchren Sie Ihr Kassenbuch GoBD-konform.&nbsp;<\/p>\n\n\n\n<p class=\"has-nv-dark-bg-color has-text-color\"><strong>Zeitgewinn<\/strong><\/p>\n\n\n\n<p class=\"has-black-color has-text-color\" align=\"justify\">Fahrtwege in die Kanzlei entfallen, denn Originalbelege und Dokumente bleiben im Unternehmen. Durch das revisionssichere und elektronische Belegarchiv geh\u00f6rt das lange Suchen nach Unterlagen der Vergangenheit an.<\/p>\n\n\n\n<p class=\"has-nv-dark-bg-color has-text-color\"><strong>Transparente Daten<\/strong><\/p>\n\n\n\n<p class=\"has-black-color has-text-color\" align=\"justify\">Aussagekr\u00e4ftige und differenzierte Auswertungen Ihres Steuerberaters sind schnell verf\u00fcgbar. Dadurch k\u00f6nnen Sie Ihr Unternehmen auf der Basis von stets aktuellen Zahlen steuern und sind immer auskunftsf\u00e4hig.<\/p>\n\n\n\n<p class=\"has-nv-dark-bg-color has-text-color\"><strong>Sichere Prozesse<\/strong><\/p>\n\n\n\n<p class=\"has-nv-dark-bg-color has-text-color\">Belege, Dokumente und Auswertungen werden \u00fcber die zertifizierte DATEV-Cloud ausgetauscht \u2013 gesch\u00fctzt vor fremdem Zugriff.<\/p>\n\n\n\n<div class=\"wp-block-columns is-layout-flex wp-container-core-columns-is-layout-9d6595d7 wp-block-columns-is-layout-flex\">\n<div class=\"wp-block-column is-layout-flow wp-block-column-is-layout-flow\" style=\"flex-basis:33.33%\">\n<p><\/p>\n\n\n\n<p><\/p>\n\n\n\n<p><\/p>\n\n\n\n<p class=\"has-nv-dark-bg-color has-text-color\"><strong>Erfahrungsbericht eines DATEV Unternehmen online &#8211; Anwenders<\/strong><\/p>\n<\/div>\n\n\n\n<div class=\"wp-block-column is-layout-flow wp-block-column-is-layout-flow\" style=\"flex-basis:66.66%\">\n<figure class=\"wp-block-embed is-type-video is-provider-youtube wp-block-embed-youtube wp-embed-aspect-16-9 wp-has-aspect-ratio\"><div class=\"wp-block-embed__wrapper\">\n<div class=\"nv-iframe-embed\"><iframe title=\"DATEV Unternehmen online \u2013 Erfahrungen aus der Unternehmens-Praxis\" width=\"1200\" height=\"675\" src=\"https:\/\/www.youtube.com\/embed\/f9rxwEBLfew?feature=oembed\" frameborder=\"0\" allow=\"accelerometer; autoplay; clipboard-write; encrypted-media; gyroscope; picture-in-picture\" allowfullscreen><\/iframe><\/div>\n<\/div><\/figure>\n<\/div>\n<\/div>\n\n\n\n<div class=\"wp-block-columns is-layout-flex wp-container-core-columns-is-layout-9d6595d7 wp-block-columns-is-layout-flex\">\n<div class=\"wp-block-column is-layout-flow wp-block-column-is-layout-flow\" style=\"flex-basis:66.66%\">\n<figure class=\"wp-block-embed is-type-video is-provider-youtube wp-block-embed-youtube wp-embed-aspect-16-9 wp-has-aspect-ratio\"><div class=\"wp-block-embed__wrapper\">\n<div class=\"nv-iframe-embed\"><iframe title=\"DATEV Unternehmen online | Produktvorstellung\" width=\"1200\" height=\"675\" src=\"https:\/\/www.youtube.com\/embed\/iY-htDwBOfg?feature=oembed\" frameborder=\"0\" allow=\"accelerometer; autoplay; clipboard-write; encrypted-media; gyroscope; picture-in-picture\" allowfullscreen><\/iframe><\/div>\n<\/div><\/figure>\n<\/div>\n\n\n\n<div class=\"wp-block-column is-layout-flow wp-block-column-is-layout-flow\" style=\"flex-basis:33.33%\">\n<p><\/p>\n\n\n\n<p class=\"has-nv-dark-bg-color has-text-color\"><strong>Belege digital austauschen<\/strong><\/p>\n\n\n\n<p class=\"has-black-color has-text-color\" align=\"justify\">Sehen Sie, wie Sie mit DATEV Unternehmen online Belege sowie Lohndaten und -dokumente digital austauschen.<\/p>\n\n\n\n<p class=\"has-black-color has-text-color\" align=\"justify\">Schauen Sie sich die Produktpr\u00e4sentation gerne an.<\/p>\n<\/div>\n<\/div>\n\n\n\n<hr class=\"wp-block-separator has-alpha-channel-opacity\"\/>\n\n\n\n<div class=\"wp-block-columns is-layout-flex wp-container-core-columns-is-layout-9d6595d7 wp-block-columns-is-layout-flex\">\n<div class=\"wp-block-column is-layout-flow wp-block-column-is-layout-flow\">\n<figure class=\"wp-block-embed is-type-video is-provider-youtube wp-block-embed-youtube wp-embed-aspect-16-9 wp-has-aspect-ratio\"><div class=\"wp-block-embed__wrapper\">\n<div class=\"nv-iframe-embed\"><iframe title=\"Auftragswesen online \u00dcberblick Funktionen\" width=\"1200\" height=\"675\" src=\"https:\/\/www.youtube.com\/embed\/MPuslWDV-jQ?feature=oembed\" frameborder=\"0\" allow=\"accelerometer; autoplay; clipboard-write; encrypted-media; gyroscope; picture-in-picture\" allowfullscreen><\/iframe><\/div>\n<\/div><\/figure>\n<\/div>\n\n\n\n<div class=\"wp-block-column is-layout-flow wp-block-column-is-layout-flow\">\n<p><\/p>\n\n\n\n<h3 class=\"has-nv-dark-bg-color has-text-color wp-block-heading\">Auftragswesen Online<\/h3>\n\n\n\n<p class=\"has-black-color has-text-color\" align=\"justify\">Mit dem Zusatzmodul Auftragswesen online k\u00f6nnen Sie Ihre Angebote, Rechnungen und Zahlungserinnerungen erstellen. Sie haben einen \u00dcberblick \u00fcber alle erstellten Rechnungen, k\u00f6nnen diese pr\u00fcfen und unserer Kanzlei zur Weiterverarbeitung bereitstellen.<\/p>\n<\/div>\n<\/div>\n\n\n\n<div class=\"wp-block-columns is-layout-flex wp-container-core-columns-is-layout-9d6595d7 wp-block-columns-is-layout-flex\">\n<div class=\"wp-block-column is-layout-flow wp-block-column-is-layout-flow\" style=\"flex-basis:100%\"><\/div>\n<\/div>\n\n\n\n<div style=\"height:15px\" aria-hidden=\"true\" class=\"wp-block-spacer\"><\/div>\n<\/div><\/div>\n<\/div><\/div>\n\n\n\n<div class=\"wp-block-cover alignfull\" style=\"min-height:250px;aspect-ratio:unset;\"><span aria-hidden=\"true\" class=\"wp-block-cover__background has-nv-dark-bg-background-color has-background-dim-100 has-background-dim\"><\/span><div class=\"wp-block-cover__inner-container is-layout-flow wp-block-cover-is-layout-flow\">\n<div style=\"height:40px\" aria-hidden=\"true\" class=\"wp-block-spacer\"><\/div>\n\n\n\n<div class=\"wp-block-columns is-layout-flex wp-container-core-columns-is-layout-9d6595d7 wp-block-columns-is-layout-flex\">\n<div class=\"wp-block-column is-layout-flow wp-block-column-is-layout-flow\">\n<div style=\"height:38px\" aria-hidden=\"true\" class=\"wp-block-spacer\"><\/div>\n\n\n\n<h2 class=\"has-text-align-center wp-block-heading\">Starten Sie mit uns ins digitale Zeitalter!<\/h2>\n\n\n\n<p class=\"has-text-align-center\">Sprechen Sie uns auf die digitalen M\u00f6glichkeiten an und wir f\u00fchren Ihnen die Software gerne vor. <\/p>\n\n\n\n<div class=\"wp-block-buttons is-content-justification-center is-layout-flex wp-container-core-buttons-is-layout-16018d1d wp-block-buttons-is-layout-flex\">\n<div class=\"wp-block-button is-style-primary\"><a class=\"wp-block-button__link wp-element-button\" href=\"https:\/\/www.solvetax-germany.com\/?page_id=354\">Termin vereinbaren<\/a><\/div>\n<\/div>\n<\/div>\n<\/div>\n<\/div><\/div>\n","protected":false},"excerpt":{"rendered":"<p>DATEV Unternehmen online<\/p>\n","protected":false},"author":1,"featured_media":0,"parent":841,"menu_order":1,"comment_status":"closed","ping_status":"closed","template":"","meta":{"neve_meta_sidebar":"default","neve_meta_container":"default","neve_meta_enable_content_width":"on","neve_meta_content_width":100,"neve_meta_title_alignment":"","neve_meta_author_avatar":"","neve_post_elements_order":"","neve_meta_disable_header":"","neve_meta_disable_footer":"","neve_meta_disable_title":"on","footnotes":""},"class_list":["post-861","page","type-page","status-publish","hentry"],"_links":{"self":[{"href":"https:\/\/www.solvetax-germany.com\/de\/wp-json\/wp\/v2\/pages\/861","targetHints":{"allow":["GET"]}}],"collection":[{"href":"https:\/\/www.solvetax-germany.com\/de\/wp-json\/wp\/v2\/pages"}],"about":[{"href":"https:\/\/www.solvetax-germany.com\/de\/wp-json\/wp\/v2\/types\/page"}],"author":[{"embeddable":true,"href":"https:\/\/www.solvetax-germany.com\/de\/wp-json\/wp\/v2\/users\/1"}],"replies":[{"embeddable":true,"href":"https:\/\/www.solvetax-germany.com\/de\/wp-json\/wp\/v2\/comments?post=861"}],"version-history":[{"count":7,"href":"https:\/\/www.solvetax-germany.com\/de\/wp-json\/wp\/v2\/pages\/861\/revisions"}],"predecessor-version":[{"id":1630,"href":"https:\/\/www.solvetax-germany.com\/de\/wp-json\/wp\/v2\/pages\/861\/revisions\/1630"}],"up":[{"embeddable":true,"href":"https:\/\/www.solvetax-germany.com\/de\/wp-json\/wp\/v2\/pages\/841"}],"wp:attachment":[{"href":"https:\/\/www.solvetax-germany.com\/de\/wp-json\/wp\/v2\/media?parent=861"}],"curies":[{"name":"wp","href":"https:\/\/api.w.org\/{rel}","templated":true}]}}