{"id":867,"date":"2022-08-01T16:21:44","date_gmt":"2022-08-01T16:21:44","guid":{"rendered":"https:\/\/www.solvetax-germany.com\/?page_id=867"},"modified":"2023-02-09T12:40:19","modified_gmt":"2023-02-09T10:40:19","slug":"digitales-fahrtenbuch","status":"publish","type":"page","link":"https:\/\/www.solvetax-germany.com\/de\/digitale-steuerberatung\/digitales-fahrtenbuch\/","title":{"rendered":"Digitales Fahrtenbuch"},"content":{"rendered":"\n<div class=\"wp-block-cover alignfull\" style=\"min-height:389px;aspect-ratio:unset;\"><span aria-hidden=\"true\" class=\"wp-block-cover__background has-background-dim-0 has-background-dim\"><\/span><img fetchpriority=\"high\" decoding=\"async\" width=\"1920\" height=\"1280\" class=\"wp-block-cover__image-background wp-image-1641\" alt=\"\" src=\"https:\/\/www.solvetax-germany.com\/wp-content\/uploads\/2022\/12\/times-square-g0abb8838d_1920.jpg\" data-object-fit=\"cover\" srcset=\"https:\/\/www.solvetax-germany.com\/wp-content\/uploads\/2022\/12\/times-square-g0abb8838d_1920.jpg 1920w, https:\/\/www.solvetax-germany.com\/wp-content\/uploads\/2022\/12\/times-square-g0abb8838d_1920-300x200.jpg 300w, https:\/\/www.solvetax-germany.com\/wp-content\/uploads\/2022\/12\/times-square-g0abb8838d_1920-1024x683.jpg 1024w, https:\/\/www.solvetax-germany.com\/wp-content\/uploads\/2022\/12\/times-square-g0abb8838d_1920-768x512.jpg 768w, https:\/\/www.solvetax-germany.com\/wp-content\/uploads\/2022\/12\/times-square-g0abb8838d_1920-1536x1024.jpg 1536w, https:\/\/www.solvetax-germany.com\/wp-content\/uploads\/2022\/12\/times-square-g0abb8838d_1920-18x12.jpg 18w, https:\/\/www.solvetax-germany.com\/wp-content\/uploads\/2022\/12\/times-square-g0abb8838d_1920-930x620.jpg 930w\" sizes=\"(max-width: 1920px) 100vw, 1920px\" \/><div class=\"wp-block-cover__inner-container is-layout-flow wp-block-cover-is-layout-flow\">\n<div style=\"height:20px\" aria-hidden=\"true\" class=\"wp-block-spacer\"><\/div>\n\n\n\n<h1 class=\"has-text-align-center has-text-color wp-block-heading\" style=\"color:#121212;font-size:23px\"><\/h1>\n\n\n\n<p class=\"has-text-align-center has-text-color\" style=\"color:#121212;font-size:17px\"><\/p>\n\n\n\n<div class=\"wp-block-buttons is-horizontal is-content-justification-center is-layout-flex wp-container-core-buttons-is-layout-499968f5 wp-block-buttons-is-layout-flex\"><\/div>\n\n\n\n<div style=\"height:49px\" aria-hidden=\"true\" class=\"wp-block-spacer\"><\/div>\n<\/div><\/div>\n\n\n\n<div style=\"height:46px\" aria-hidden=\"true\" class=\"wp-block-spacer\"><\/div>\n\n\n\n<h2 class=\"wp-block-heading\">Das digitale Fahrtenbuch<\/h2>\n\n\n\n<div style=\"height:0px\" aria-hidden=\"true\" class=\"wp-block-spacer\"><\/div>\n\n\n\n<div class=\"wp-block-cover alignfull\" style=\"min-height:600px;aspect-ratio:unset;\"><span aria-hidden=\"true\" class=\"wp-block-cover__background has-nv-light-bg-background-color has-background-dim-100 has-background-dim\"><\/span><div class=\"wp-block-cover__inner-container is-layout-flow wp-block-cover-is-layout-flow\">\n<div class=\"wp-block-group\"><div class=\"wp-block-group__inner-container is-layout-flow wp-block-group-is-layout-flow\">\n<div style=\"height:15px\" aria-hidden=\"true\" class=\"wp-block-spacer\"><\/div>\n\n\n\n<p class=\"has-nv-dark-bg-color has-text-color\"><strong>Vimcar ist Schnittstellen-Partner<\/strong><\/p>\n\n\n\n<p class=\"has-black-color has-text-color\" align=\"justify\">Vimcar hat das Fahrtenbuch revolutioniert. Die L\u00f6sung wurde gemeinsam mit Steuerberatern entwickelt und bietet rechtssichere und unkomplizierte Fahrtendokumentation f\u00fcr Selbstst\u00e4ndige, Freiberufler und Firmenwagennutzer. Vimcar funktioniert mit zwei Komponenten: Einem kleinen Stecker f\u00fcr das Auto, den jeder selbst einstecken kann und Software f\u00fcr Smartphone oder Browser. Der vernetzte Stecker zeichnet jede Fahrt vollautomatisch im Hintergrund auf und stellt die Daten in der Vimcar Software Sekunden nach dem Parken zur Verf\u00fcgung. In nur drei Klicks ist jede Fahrt als Betriebsfahrt, Arbeitsweg oder Privatfahrt kategorisiert. Nachtr\u00e4gliche \u00c4nderungen werden protokolliert und Fahrtenb\u00fccher zehn Jahre lang verschl\u00fcsselt im Vimcar Rechenzentrum in N\u00fcrnberg vorgehalten. Das Vimcar Fahrtenbuch l\u00e4sst sich jederzeit \u00fcber die Export-Funktion als manipulationssichere, digital signierte PDF-Datei an Steuerberater beziehungsweise -pr\u00fcfer weiterleiten oder f\u00fcr die Weiterverarbeitung in Buchhaltungssoftware einf\u00fcgen. Wie hoch die pers\u00f6nliche Ersparnis durch ein Fahrtenbuch ist, l\u00e4sst sich ganz einfach unter <a href=\"http:\/\/vimcar.de\" target=\"_blank\" rel=\"noreferrer noopener\">vimcar<\/a><a href=\"http:\/\/vimcar.de\/steuerersparnis\" target=\"_blank\" rel=\"noreferrer noopener\">.de<\/a> errechnen.<\/p>\n\n\n\n<div class=\"wp-block-columns is-layout-flex wp-container-core-columns-is-layout-9d6595d7 wp-block-columns-is-layout-flex\">\n<div class=\"wp-block-column is-layout-flow wp-block-column-is-layout-flow\" style=\"flex-basis:33.33%\">\n<p class=\"has-nv-dark-bg-color has-text-color\"><\/p>\n\n\n\n<figure class=\"wp-block-image size-large\"><img decoding=\"async\" width=\"1024\" height=\"731\" src=\"https:\/\/www.solvetax-germany.com\/wp-content\/uploads\/2022\/08\/vimcar_logo_blau-1024x731.jpeg\" alt=\"\" class=\"wp-image-869\" srcset=\"https:\/\/www.solvetax-germany.com\/wp-content\/uploads\/2022\/08\/vimcar_logo_blau-1024x731.jpeg 1024w, https:\/\/www.solvetax-germany.com\/wp-content\/uploads\/2022\/08\/vimcar_logo_blau-300x214.jpeg 300w, https:\/\/www.solvetax-germany.com\/wp-content\/uploads\/2022\/08\/vimcar_logo_blau-768x549.jpeg 768w, https:\/\/www.solvetax-germany.com\/wp-content\/uploads\/2022\/08\/vimcar_logo_blau-1536x1097.jpeg 1536w, https:\/\/www.solvetax-germany.com\/wp-content\/uploads\/2022\/08\/vimcar_logo_blau-2048x1463.jpeg 2048w\" sizes=\"(max-width: 1024px) 100vw, 1024px\" \/><\/figure>\n\n\n\n<p><\/p>\n\n\n\n<p class=\"has-nv-dark-bg-color has-text-color\"><\/p>\n<\/div>\n\n\n\n<div class=\"wp-block-column is-layout-flow wp-block-column-is-layout-flow\" style=\"flex-basis:66.66%\">\n<figure class=\"wp-block-embed is-type-video is-provider-youtube wp-block-embed-youtube wp-embed-aspect-16-9 wp-has-aspect-ratio\"><div class=\"wp-block-embed__wrapper\">\n<div class=\"nv-iframe-embed\"><iframe title=\"Elektronisches Fahrtenbuch oder Zettelkram?\" width=\"1200\" height=\"675\" src=\"https:\/\/www.youtube.com\/embed\/AxsFbJGCs3M?feature=oembed\" frameborder=\"0\" allow=\"accelerometer; autoplay; clipboard-write; encrypted-media; gyroscope; picture-in-picture\" allowfullscreen><\/iframe><\/div>\n<\/div><\/figure>\n<\/div>\n<\/div>\n\n\n\n<div style=\"height:15px\" aria-hidden=\"true\" class=\"wp-block-spacer\"><\/div>\n<\/div><\/div>\n<\/div><\/div>\n\n\n\n<div class=\"wp-block-cover alignfull\" style=\"min-height:250px;aspect-ratio:unset;\"><span aria-hidden=\"true\" class=\"wp-block-cover__background has-nv-dark-bg-background-color has-background-dim-100 has-background-dim\"><\/span><div class=\"wp-block-cover__inner-container is-layout-flow wp-block-cover-is-layout-flow\">\n<div style=\"height:40px\" aria-hidden=\"true\" class=\"wp-block-spacer\"><\/div>\n\n\n\n<div class=\"wp-block-columns is-layout-flex wp-container-core-columns-is-layout-9d6595d7 wp-block-columns-is-layout-flex\">\n<div class=\"wp-block-column is-layout-flow wp-block-column-is-layout-flow\">\n<div style=\"height:12px\" aria-hidden=\"true\" class=\"wp-block-spacer\"><\/div>\n\n\n\n<h2 class=\"has-text-align-center wp-block-heading\">Starten Sie mit uns ins digitale Zeitalter!<\/h2>\n\n\n\n<p class=\"has-text-align-center\">Sprechen Sie uns auf die digitalen M\u00f6glichkeiten an und wir f\u00fchren Ihnen die Software gerne vor. <\/p>\n\n\n\n<div class=\"wp-block-buttons is-content-justification-center is-layout-flex wp-container-core-buttons-is-layout-16018d1d wp-block-buttons-is-layout-flex\">\n<div class=\"wp-block-button is-style-primary\"><a class=\"wp-block-button__link wp-element-button\" href=\"https:\/\/www.solvetax-germany.com\/?page_id=354\">Termin vereinbaren<\/a><\/div>\n<\/div>\n<\/div>\n<\/div>\n<\/div><\/div>\n","protected":false},"excerpt":{"rendered":"<p>Das digitale Fahrtenbuch<\/p>\n","protected":false},"author":1,"featured_media":0,"parent":841,"menu_order":1,"comment_status":"closed","ping_status":"closed","template":"","meta":{"neve_meta_sidebar":"default","neve_meta_container":"default","neve_meta_enable_content_width":"on","neve_meta_content_width":100,"neve_meta_title_alignment":"","neve_meta_author_avatar":"","neve_post_elements_order":"","neve_meta_disable_header":"","neve_meta_disable_footer":"","neve_meta_disable_title":"on","footnotes":""},"class_list":["post-867","page","type-page","status-publish","hentry"],"_links":{"self":[{"href":"https:\/\/www.solvetax-germany.com\/de\/wp-json\/wp\/v2\/pages\/867","targetHints":{"allow":["GET"]}}],"collection":[{"href":"https:\/\/www.solvetax-germany.com\/de\/wp-json\/wp\/v2\/pages"}],"about":[{"href":"https:\/\/www.solvetax-germany.com\/de\/wp-json\/wp\/v2\/types\/page"}],"author":[{"embeddable":true,"href":"https:\/\/www.solvetax-germany.com\/de\/wp-json\/wp\/v2\/users\/1"}],"replies":[{"embeddable":true,"href":"https:\/\/www.solvetax-germany.com\/de\/wp-json\/wp\/v2\/comments?post=867"}],"version-history":[{"count":4,"href":"https:\/\/www.solvetax-germany.com\/de\/wp-json\/wp\/v2\/pages\/867\/revisions"}],"predecessor-version":[{"id":1642,"href":"https:\/\/www.solvetax-germany.com\/de\/wp-json\/wp\/v2\/pages\/867\/revisions\/1642"}],"up":[{"embeddable":true,"href":"https:\/\/www.solvetax-germany.com\/de\/wp-json\/wp\/v2\/pages\/841"}],"wp:attachment":[{"href":"https:\/\/www.solvetax-germany.com\/de\/wp-json\/wp\/v2\/media?parent=867"}],"curies":[{"name":"wp","href":"https:\/\/api.w.org\/{rel}","templated":true}]}}